{"id":27753,"date":"2024-10-12T06:50:28","date_gmt":"2024-10-12T06:50:28","guid":{"rendered":"https:\/\/www.martinaocadlikova.cz\/?page_id=27753"},"modified":"2026-03-24T13:46:53","modified_gmt":"2026-03-24T12:46:53","slug":"vzdelavani-rozvoj","status":"publish","type":"page","link":"https:\/\/www.martinaocadlikova.cz\/cs\/vzdelavani-rozvoj\/","title":{"rendered":"Vzd\u011bl\u00e1v\u00e1n\u00ed &#038; rozvoj"},"content":{"rendered":"\t\t<div data-elementor-type=\"wp-page\" data-elementor-id=\"27753\" class=\"elementor elementor-27753\" data-elementor-post-type=\"page\">\n\t\t\t\t<div class=\"elementor-element elementor-element-1f3e47d9 e-flex e-con-boxed e-con e-child\" data-id=\"1f3e47d9\" data-element_type=\"container\" data-e-type=\"container\">\n\t\t\t\t\t<div class=\"e-con-inner\">\n\t\t<div class=\"elementor-element elementor-element-7c159722 e-con-full e-flex e-con e-child\" data-id=\"7c159722\" data-element_type=\"container\" data-e-type=\"container\">\n\t\t\t\t<div class=\"elementor-element elementor-element-c74a3a8 elementor-hidden-tablet elementor-hidden-mobile elementor-widget elementor-widget-heading\" data-id=\"c74a3a8\" data-element_type=\"widget\" data-e-type=\"widget\" data-widget_type=\"heading.default\">\n\t\t\t\t<div class=\"elementor-widget-container\">\n\t\t\t\t\t<h2 class=\"elementor-heading-title elementor-size-default\">P\u0159ipravuji pro rok 2026\n\n<\/h2>\t\t\t\t<\/div>\n\t\t\t\t<\/div>\n\t\t\t\t<div class=\"elementor-element elementor-element-fd6cb5f elementor-hidden-tablet elementor-hidden-mobile elementor-widget elementor-widget-text-editor\" data-id=\"fd6cb5f\" data-element_type=\"widget\" data-e-type=\"widget\" data-widget_type=\"text-editor.default\">\n\t\t\t\t<div class=\"elementor-widget-container\">\n\t\t\t\t\t\t\t\t\t<h3 data-path-to-node=\"4\">\u00a0<\/h3><p data-path-to-node=\"5\"><b data-path-to-node=\"5\" data-index-in-node=\"0\">Nov\u00e9 intenzivn\u00ed programy s moj\u00ed osobn\u00ed \u00fa\u010dast\u00ed.<\/b><\/p><blockquote data-path-to-node=\"6\"><p data-path-to-node=\"6,0\">Aktu\u00e1ln\u011b pracuji na dvou nov\u00fdch form\u00e1tech spolupr\u00e1ce, kter\u00e9 kombinuj\u00ed strukturovan\u00e9 materi\u00e1ly s m\u00fdm p\u0159\u00edm\u00fdm vhledem do va\u0161\u00ed konkr\u00e9tn\u00ed situace. C\u00edlem je hloubkov\u00e1 pr\u00e1ce na vnit\u0159n\u00edch vzorc\u00edch v \u010dasov\u011b efektivn\u00edm r\u00e1mci.<\/p><\/blockquote><ul data-path-to-node=\"7\"><li><p data-path-to-node=\"7,0,0\"><b data-path-to-node=\"7,0,0\" data-index-in-node=\"0\">Program I<\/b> \u2013 Otev\u00edr\u00e1me jaro 2026<\/p><\/li><li><p data-path-to-node=\"7,1,0\"><b data-path-to-node=\"7,1,0\" data-index-in-node=\"0\">Program II<\/b> \u2013 Otev\u00edr\u00e1me podzim 2026<\/p><\/li><\/ul>\t\t\t\t\t\t\t\t<\/div>\n\t\t\t\t<\/div>\n\t\t\t\t<\/div>\n\t\t\t\t\t<\/div>\n\t\t\t\t<\/div>\n\t\t<div class=\"elementor-element elementor-element-5c166938 e-flex e-con-boxed e-con e-parent\" data-id=\"5c166938\" data-element_type=\"container\" data-e-type=\"container\" data-settings=\"{&quot;background_background&quot;:&quot;classic&quot;}\">\n\t\t\t\t\t<div class=\"e-con-inner\">\n\t\t<div class=\"elementor-element elementor-element-5262960e e-con-full e-flex e-con e-child\" data-id=\"5262960e\" data-element_type=\"container\" data-e-type=\"container\">\n\t\t\t\t<div class=\"elementor-element elementor-element-1e2a79a elementor-widget elementor-widget-heading\" data-id=\"1e2a79a\" data-element_type=\"widget\" data-e-type=\"widget\" data-widget_type=\"heading.default\">\n\t\t\t\t<div class=\"elementor-widget-container\">\n\t\t\t\t\t<h2 class=\"elementor-heading-title elementor-size-default\">Pro koho jsou tyto programy ur\u010den\u00e9?<\/h2>\t\t\t\t<\/div>\n\t\t\t\t<\/div>\n\t\t\t\t<div class=\"elementor-element elementor-element-0c56157 elementor-widget elementor-widget-heading\" data-id=\"0c56157\" data-element_type=\"widget\" data-e-type=\"widget\" data-widget_type=\"heading.default\">\n\t\t\t\t<div class=\"elementor-widget-container\">\n\t\t\t\t\t<p class=\"elementor-heading-title elementor-size-default\">Pro ty, kte\u0159\u00ed oce\u0148uj\u00ed \u010dasovou flexibilitu:<\/p>\t\t\t\t<\/div>\n\t\t\t\t<\/div>\n\t\t\t\t<div class=\"elementor-element elementor-element-64f46b15 elementor-widget elementor-widget-heading\" data-id=\"64f46b15\" data-element_type=\"widget\" data-e-type=\"widget\" data-widget_type=\"heading.default\">\n\t\t\t\t<div class=\"elementor-widget-container\">\n\t\t\t\t\t<h2 class=\"elementor-heading-title elementor-size-default\">Programy jsou navr\u017eeny pro lidi, kte\u0159\u00ed preferuj\u00ed vlastn\u00ed prostor a klid na zpracov\u00e1n\u00ed d\u016fle\u017eit\u00fdch t\u00e9mat. Tento form\u00e1t v\u00e1m umo\u017en\u00ed j\u00edt k j\u00e1dru v\u011bci bez ru\u0161iv\u00fdch vliv\u016f okol\u00ed.<\/h2>\t\t\t\t<\/div>\n\t\t\t\t<\/div>\n\t\t\t\t<div class=\"elementor-element elementor-element-27dd448 elementor-widget elementor-widget-heading\" data-id=\"27dd448\" data-element_type=\"widget\" data-e-type=\"widget\" data-widget_type=\"heading.default\">\n\t\t\t\t<div class=\"elementor-widget-container\">\n\t\t\t\t\t<p class=\"elementor-heading-title elementor-size-default\">Pro ty, kte\u0159\u00ed hledaj\u00ed hloubku v soukrom\u00ed:<\/p>\t\t\t\t<\/div>\n\t\t\t\t<\/div>\n\t\t\t\t<div class=\"elementor-element elementor-element-d446a2f elementor-widget elementor-widget-heading\" data-id=\"d446a2f\" data-element_type=\"widget\" data-e-type=\"widget\" data-widget_type=\"heading.default\">\n\t\t\t\t<div class=\"elementor-widget-container\">\n\t\t\t\t\t<h2 class=\"elementor-heading-title elementor-size-default\">Programy jsou navr\u017eeny pro lidi, kte\u0159\u00ed preferuj\u00ed vlastn\u00ed prostor a klid na zpracov\u00e1n\u00ed d\u016fle\u017eit\u00fdch t\u00e9mat. Audio form\u00e1t v\u00e1m umo\u017en\u00ed j\u00edt k j\u00e1dru v\u011bci bez ru\u0161iv\u00fdch vliv\u016f okol\u00ed.<\/h2>\t\t\t\t<\/div>\n\t\t\t\t<\/div>\n\t\t\t\t<div class=\"elementor-element elementor-element-9c1a83d elementor-widget elementor-widget-heading\" data-id=\"9c1a83d\" data-element_type=\"widget\" data-e-type=\"widget\" data-widget_type=\"heading.default\">\n\t\t\t\t<div class=\"elementor-widget-container\">\n\t\t\t\t\t<p class=\"elementor-heading-title elementor-size-default\">Pro ty, kte\u0159\u00ed cht\u011bj\u00ed zm\u011bnit sv\u00e9 nastaven\u00ed:<\/p>\t\t\t\t<\/div>\n\t\t\t\t<\/div>\n\t\t\t\t<div class=\"elementor-element elementor-element-3811f30 elementor-widget elementor-widget-heading\" data-id=\"3811f30\" data-element_type=\"widget\" data-e-type=\"widget\" data-widget_type=\"heading.default\">\n\t\t\t\t<div class=\"elementor-widget-container\">\n\t\t\t\t\t<h2 class=\"elementor-heading-title elementor-size-default\">Pokud c\u00edt\u00edte, \u017ee va\u0161e sou\u010dasn\u00e9 vzorce uva\u017eov\u00e1n\u00ed u\u017e v\u00e1m neslou\u017e\u00ed, a hled\u00e1te metodick\u00e9 veden\u00ed k v\u011bdom\u011bj\u0161\u00edmu mindsetu a stabiln\u011bj\u0161\u00edmu postoji.<\/h2>\t\t\t\t<\/div>\n\t\t\t\t<\/div>\n\t\t\t\t<div class=\"elementor-element elementor-element-a0221ce elementor-widget elementor-widget-heading\" data-id=\"a0221ce\" data-element_type=\"widget\" data-e-type=\"widget\" data-widget_type=\"heading.default\">\n\t\t\t\t<div class=\"elementor-widget-container\">\n\t\t\t\t\t<p class=\"elementor-heading-title elementor-size-default\">Pro ty, kte\u0159\u00ed jsou p\u0159ipraveni na skute\u010dn\u00fd vhled:<\/p>\t\t\t\t<\/div>\n\t\t\t\t<\/div>\n\t\t\t\t<div class=\"elementor-element elementor-element-079f16a elementor-widget elementor-widget-heading\" data-id=\"079f16a\" data-element_type=\"widget\" data-e-type=\"widget\" data-widget_type=\"heading.default\">\n\t\t\t\t<div class=\"elementor-widget-container\">\n\t\t\t\t\t<h2 class=\"elementor-heading-title elementor-size-default\">Nejde o povrchn\u00ed rady, ale o \u0159\u00edzen\u00fd proces sebepozn\u00e1n\u00ed. Pro lidi, kte\u0159\u00ed cht\u011bj\u00ed porozum\u011bt mechanism\u016fm sv\u00e9 mysli a z\u00edskat nad nimi v\u011bdomou kontrolu.<\/h2>\t\t\t\t<\/div>\n\t\t\t\t<\/div>\n\t\t\t\t<div class=\"elementor-element elementor-element-7184957f elementor-widget__width-auto elementor-absolute elementor-widget elementor-widget-image\" data-id=\"7184957f\" data-element_type=\"widget\" data-e-type=\"widget\" data-settings=\"{&quot;_position&quot;:&quot;absolute&quot;}\" data-widget_type=\"image.default\">\n\t\t\t\t<div class=\"elementor-widget-container\">\n\t\t\t\t\t\t\t\t\t\t\t\t\t\t\t<img fetchpriority=\"high\" decoding=\"async\" width=\"176\" height=\"518\" src=\"https:\/\/www.martinaocadlikova.cz\/wp-content\/uploads\/2024\/10\/Vector.png\" class=\"attachment-full size-full wp-image-27542\" alt=\"\" srcset=\"https:\/\/www.martinaocadlikova.cz\/wp-content\/uploads\/2024\/10\/Vector.png 176w, https:\/\/www.martinaocadlikova.cz\/wp-content\/uploads\/2024\/10\/Vector-102x300.png 102w\" sizes=\"(max-width: 176px) 100vw, 176px\" \/>\t\t\t\t\t\t\t\t\t\t\t\t\t\t\t<\/div>\n\t\t\t\t<\/div>\n\t\t\t\t<\/div>\n\t\t<div class=\"elementor-element elementor-element-1ce0566a e-con-full e-flex e-con e-child\" data-id=\"1ce0566a\" data-element_type=\"container\" data-e-type=\"container\">\n\t\t\t\t<div class=\"elementor-element elementor-element-dfbf9a4 sticky-child-my elementor-widget elementor-widget-image\" data-id=\"dfbf9a4\" data-element_type=\"widget\" data-e-type=\"widget\" data-widget_type=\"image.default\">\n\t\t\t\t<div class=\"elementor-widget-container\">\n\t\t\t\t\t\t\t\t\t\t\t\t\t\t\t<img decoding=\"async\" width=\"443\" height=\"613\" src=\"https:\/\/www.martinaocadlikova.cz\/wp-content\/uploads\/2024\/10\/5656876879-1.webp\" class=\"attachment-full size-full wp-image-28370\" alt=\"\" srcset=\"https:\/\/www.martinaocadlikova.cz\/wp-content\/uploads\/2024\/10\/5656876879-1.webp 443w, https:\/\/www.martinaocadlikova.cz\/wp-content\/uploads\/2024\/10\/5656876879-1-217x300.webp 217w\" sizes=\"(max-width: 443px) 100vw, 443px\" \/>\t\t\t\t\t\t\t\t\t\t\t\t\t\t\t<\/div>\n\t\t\t\t<\/div>\n\t\t\t\t<div class=\"elementor-element elementor-element-ae683db elementor-widget__width-auto elementor-absolute elementor-widget elementor-widget-image\" data-id=\"ae683db\" data-element_type=\"widget\" data-e-type=\"widget\" data-settings=\"{&quot;_position&quot;:&quot;absolute&quot;}\" data-widget_type=\"image.default\">\n\t\t\t\t<div class=\"elementor-widget-container\">\n\t\t\t\t\t\t\t\t\t\t\t\t\t\t\t<img fetchpriority=\"high\" decoding=\"async\" width=\"176\" height=\"518\" src=\"https:\/\/www.martinaocadlikova.cz\/wp-content\/uploads\/2024\/10\/Vector.png\" class=\"attachment-full size-full wp-image-27542\" alt=\"\" srcset=\"https:\/\/www.martinaocadlikova.cz\/wp-content\/uploads\/2024\/10\/Vector.png 176w, https:\/\/www.martinaocadlikova.cz\/wp-content\/uploads\/2024\/10\/Vector-102x300.png 102w\" sizes=\"(max-width: 176px) 100vw, 176px\" \/>\t\t\t\t\t\t\t\t\t\t\t\t\t\t\t<\/div>\n\t\t\t\t<\/div>\n\t\t\t\t<\/div>\n\t\t\t\t\t<\/div>\n\t\t\t\t<\/div>\n\t\t<div class=\"elementor-element elementor-element-e6d2101 e-flex e-con-boxed e-con e-parent\" data-id=\"e6d2101\" data-element_type=\"container\" data-e-type=\"container\" data-settings=\"{&quot;background_background&quot;:&quot;classic&quot;}\">\n\t\t\t\t\t<div class=\"e-con-inner\">\n\t\t<div class=\"elementor-element elementor-element-1c8f54b e-con-full e-flex e-con e-child\" data-id=\"1c8f54b\" data-element_type=\"container\" data-e-type=\"container\">\n\t\t<div class=\"elementor-element elementor-element-ef80d42 e-con-full e-flex e-con e-child\" data-id=\"ef80d42\" data-element_type=\"container\" data-e-type=\"container\">\n\t\t<div class=\"elementor-element elementor-element-10f43bc e-con-full e-flex e-con e-child\" data-id=\"10f43bc\" data-element_type=\"container\" data-e-type=\"container\" data-settings=\"{&quot;background_background&quot;:&quot;classic&quot;}\">\n\t\t\t\t<div class=\"elementor-element elementor-element-76eb70c elementor-widget elementor-widget-heading\" data-id=\"76eb70c\" data-element_type=\"widget\" data-e-type=\"widget\" data-widget_type=\"heading.default\">\n\t\t\t\t<div class=\"elementor-widget-container\">\n\t\t\t\t\t<h2 class=\"elementor-heading-title elementor-size-default\">Z\u016fsta\u0148me v kontaktu<\/h2>\t\t\t\t<\/div>\n\t\t\t\t<\/div>\n\t\t\t\t<div class=\"elementor-element elementor-element-0e721b0 elementor-widget__width-initial elementor-widget elementor-widget-heading\" data-id=\"0e721b0\" data-element_type=\"widget\" data-e-type=\"widget\" data-widget_type=\"heading.default\">\n\t\t\t\t<div class=\"elementor-widget-container\">\n\t\t\t\t\t<p class=\"elementor-heading-title elementor-size-default\">M\u00e1te ot\u00e1zku k program\u016fm nebo chcete probrat mo\u017enosti individu\u00e1ln\u00ed spolupr\u00e1ce?\n \n\n\n<\/p>\t\t\t\t<\/div>\n\t\t\t\t<\/div>\n\t\t\t\t<div class=\"elementor-element elementor-element-6b04d9e elementor-widget__width-initial elementor-widget elementor-widget-heading\" data-id=\"6b04d9e\" data-element_type=\"widget\" data-e-type=\"widget\" data-widget_type=\"heading.default\">\n\t\t\t\t<div class=\"elementor-widget-container\">\n\t\t\t\t\t<p class=\"elementor-heading-title elementor-size-default\">Email: coach@martinaocadlikova.cz\n<\/p>\t\t\t\t<\/div>\n\t\t\t\t<\/div>\n\t\t\t\t<\/div>\n\t\t\t\t<\/div>\n\t\t\t\t<\/div>\n\t\t\t\t\t<\/div>\n\t\t\t\t<\/div>\n\t\t\t\t<\/div>\n\t\t","protected":false},"excerpt":{"rendered":"<p>P\u0159ipravuji pro rok 2026 \u00a0 Nov\u00e9 intenzivn\u00ed programy s moj\u00ed osobn\u00ed \u00fa\u010dast\u00ed. Aktu\u00e1ln\u011b pracuji na dvou nov\u00fdch form\u00e1tech spolupr\u00e1ce, kter\u00e9 kombinuj\u00ed strukturovan\u00e9 materi\u00e1ly s m\u00fdm p\u0159\u00edm\u00fdm vhledem do va\u0161\u00ed konkr\u00e9tn\u00ed situace. C\u00edlem je hloubkov\u00e1 pr\u00e1ce na vnit\u0159n\u00edch vzorc\u00edch v \u010dasov\u011b efektivn\u00edm r\u00e1mci. Program I \u2013 Otev\u00edr\u00e1me jaro 2026 Program II \u2013 Otev\u00edr\u00e1me podzim 2026 Pro [&hellip;]<\/p>\n","protected":false},"author":1,"featured_media":0,"parent":0,"menu_order":0,"comment_status":"closed","ping_status":"closed","template":"","meta":{"site-sidebar-layout":"no-sidebar","site-content-layout":"page-builder","ast-site-content-layout":"full-width-container","site-content-style":"default","site-sidebar-style":"default","ast-global-header-display":"","ast-banner-title-visibility":"","ast-main-header-display":"","ast-hfb-above-header-display":"","ast-hfb-below-header-display":"","ast-hfb-mobile-header-display":"","site-post-title":"disabled","ast-breadcrumbs-content":"","ast-featured-img":"disabled","footer-sml-layout":"","ast-disable-related-posts":"","theme-transparent-header-meta":"default","adv-header-id-meta":"","stick-header-meta":"","header-above-stick-meta":"","header-main-stick-meta":"","header-below-stick-meta":"","astra-migrate-meta-layouts":"set","ast-page-background-enabled":"default","ast-page-background-meta":{"desktop":{"background-color":"","background-image":"","background-repeat":"repeat","background-position":"center center","background-size":"auto","background-attachment":"scroll","background-type":"","background-media":"","overlay-type":"","overlay-color":"","overlay-opacity":"","overlay-gradient":""},"tablet":{"background-color":"","background-image":"","background-repeat":"repeat","background-position":"center center","background-size":"auto","background-attachment":"scroll","background-type":"","background-media":"","overlay-type":"","overlay-color":"","overlay-opacity":"","overlay-gradient":""},"mobile":{"background-color":"","background-image":"","background-repeat":"repeat","background-position":"center center","background-size":"auto","background-attachment":"scroll","background-type":"","background-media":"","overlay-type":"","overlay-color":"","overlay-opacity":"","overlay-gradient":""}},"ast-content-background-meta":{"desktop":{"background-color":"var(--ast-global-color-5)","background-image":"","background-repeat":"repeat","background-position":"center center","background-size":"auto","background-attachment":"scroll","background-type":"","background-media":"","overlay-type":"","overlay-color":"","overlay-opacity":"","overlay-gradient":""},"tablet":{"background-color":"var(--ast-global-color-5)","background-image":"","background-repeat":"repeat","background-position":"center center","background-size":"auto","background-attachment":"scroll","background-type":"","background-media":"","overlay-type":"","overlay-color":"","overlay-opacity":"","overlay-gradient":""},"mobile":{"background-color":"var(--ast-global-color-5)","background-image":"","background-repeat":"repeat","background-position":"center center","background-size":"auto","background-attachment":"scroll","background-type":"","background-media":"","overlay-type":"","overlay-color":"","overlay-opacity":"","overlay-gradient":""}},"footnotes":""},"class_list":["post-27753","page","type-page","status-publish","hentry"],"_links":{"self":[{"href":"https:\/\/www.martinaocadlikova.cz\/cs\/wp-json\/wp\/v2\/pages\/27753","targetHints":{"allow":["GET"]}}],"collection":[{"href":"https:\/\/www.martinaocadlikova.cz\/cs\/wp-json\/wp\/v2\/pages"}],"about":[{"href":"https:\/\/www.martinaocadlikova.cz\/cs\/wp-json\/wp\/v2\/types\/page"}],"author":[{"embeddable":true,"href":"https:\/\/www.martinaocadlikova.cz\/cs\/wp-json\/wp\/v2\/users\/1"}],"replies":[{"embeddable":true,"href":"https:\/\/www.martinaocadlikova.cz\/cs\/wp-json\/wp\/v2\/comments?post=27753"}],"version-history":[{"count":217,"href":"https:\/\/www.martinaocadlikova.cz\/cs\/wp-json\/wp\/v2\/pages\/27753\/revisions"}],"predecessor-version":[{"id":32799,"href":"https:\/\/www.martinaocadlikova.cz\/cs\/wp-json\/wp\/v2\/pages\/27753\/revisions\/32799"}],"wp:attachment":[{"href":"https:\/\/www.martinaocadlikova.cz\/cs\/wp-json\/wp\/v2\/media?parent=27753"}],"curies":[{"name":"wp","href":"https:\/\/api.w.org\/{rel}","templated":true}]}}