{"id":33176,"date":"2026-04-03T13:13:32","date_gmt":"2026-04-03T12:13:32","guid":{"rendered":"https:\/\/www.martinaocadlikova.cz\/?page_id=33176"},"modified":"2026-04-03T13:15:11","modified_gmt":"2026-04-03T12:15:11","slug":"gdpr","status":"publish","type":"page","link":"https:\/\/www.martinaocadlikova.cz\/cs\/compass\/gdpr\/","title":{"rendered":"GDPR"},"content":{"rendered":"\t\t<div data-elementor-type=\"wp-page\" data-elementor-id=\"33176\" class=\"elementor elementor-33176\" data-elementor-post-type=\"page\">\n\t\t\t\t<div class=\"elementor-element elementor-element-579d787d e-flex e-con-boxed e-con e-parent\" data-id=\"579d787d\" data-element_type=\"container\" data-e-type=\"container\" data-settings=\"{&quot;background_background&quot;:&quot;classic&quot;,&quot;background_motion_fx_motion_fx_scrolling&quot;:&quot;yes&quot;,&quot;background_motion_fx_devices&quot;:[&quot;widescreen&quot;,&quot;desktop&quot;,&quot;laptop&quot;,&quot;tablet_extra&quot;,&quot;tablet&quot;,&quot;mobile&quot;]}\">\n\t\t\t\t\t<div class=\"e-con-inner\">\n\t\t\t\t<div class=\"elementor-element elementor-element-12a47c88 elementor-widget elementor-widget-spacer\" data-id=\"12a47c88\" data-element_type=\"widget\" data-e-type=\"widget\" data-widget_type=\"spacer.default\">\n\t\t\t\t<div class=\"elementor-widget-container\">\n\t\t\t\t\t\t\t<div class=\"elementor-spacer\">\n\t\t\t<div class=\"elementor-spacer-inner\"><\/div>\n\t\t<\/div>\n\t\t\t\t\t\t<\/div>\n\t\t\t\t<\/div>\n\t\t\t\t\t<\/div>\n\t\t\t\t<\/div>\n\t\t<div class=\"elementor-element elementor-element-7106eb28 e-flex e-con-boxed e-con e-parent\" data-id=\"7106eb28\" data-element_type=\"container\" data-e-type=\"container\">\n\t\t\t\t\t<div class=\"e-con-inner\">\n\t\t<div class=\"elementor-element elementor-element-765c794e e-con-full coachingBoxBanner e-flex elementor-invisible e-con e-child\" data-id=\"765c794e\" data-element_type=\"container\" data-e-type=\"container\" data-settings=\"{&quot;background_background&quot;:&quot;classic&quot;,&quot;position&quot;:&quot;absolute&quot;,&quot;animation&quot;:&quot;fadeInUp&quot;}\">\n\t\t\t\t<div class=\"elementor-element elementor-element-f8afac elementor-widget elementor-widget-heading\" data-id=\"f8afac\" data-element_type=\"widget\" data-e-type=\"widget\" data-widget_type=\"heading.default\">\n\t\t\t\t<div class=\"elementor-widget-container\">\n\t\t\t\t\t<h2 class=\"elementor-heading-title elementor-size-default\">Z\u00e1sady ochrany osobn\u00edch \u00fadaj\u016f<\/h2>\t\t\t\t<\/div>\n\t\t\t\t<\/div>\n\t\t\t\t<div class=\"elementor-element elementor-element-6ee56f95 elementor-widget elementor-widget-heading\" data-id=\"6ee56f95\" data-element_type=\"widget\" data-e-type=\"widget\" data-widget_type=\"heading.default\">\n\t\t\t\t<div class=\"elementor-widget-container\">\n\t\t\t\t\t<p class=\"elementor-heading-title elementor-size-default\">Compass \nClarity &amp; Decision Program pro dosp\u00edvaj\u00edc\u00ed (16\u201319)<\/p>\t\t\t\t<\/div>\n\t\t\t\t<\/div>\n\t\t\t\t<\/div>\n\t\t\t\t\t<\/div>\n\t\t\t\t<\/div>\n\t\t<div class=\"elementor-element elementor-element-69e9c6a e-flex e-con-boxed e-con e-parent\" data-id=\"69e9c6a\" data-element_type=\"container\" data-e-type=\"container\">\n\t\t\t\t\t<div class=\"e-con-inner\">\n\t\t\t\t<div class=\"elementor-element elementor-element-ff5231d elementor-widget elementor-widget-text-editor\" data-id=\"ff5231d\" data-element_type=\"widget\" data-e-type=\"widget\" data-widget_type=\"text-editor.default\">\n\t\t\t\t<div class=\"elementor-widget-container\">\n\t\t\t\t\t\t\t\t\t<link href=\"https:\/\/fonts.googleapis.com\/css2?family=Rozha+One&#038;family=Inter:wght@400;500&#038;display=swap\" rel=\"stylesheet\">\n\n<div style=\"max-width: 780px; margin: 0 auto; font-family: 'Inter', sans-serif; font-size: 17px; line-height: 1.8; color: #222222;\">\n\n  <h2 style=\"font-family: 'Rozha One', serif; color: #0F172A; font-size: 1.25rem; font-weight: 400; border-bottom: 1px solid #F0E6C5; padding-bottom: 0.5rem; margin-top: 0;\">Ochrana osobn\u00edch \u00fadaj\u016f<\/h2>\n\n  <p>Spr\u00e1vcem osobn\u00edch \u00fadaj\u016f je:<\/p>\n  <p style=\"background: #FAF5E5; border-left: 3px solid #D39B68; padding: 1rem 1.25rem; margin: 1rem 0; border-radius: 0 4px 4px 0;\">\n    <strong>Etabl s.r.o.<\/strong><br>\n    I\u010cO: 04443586<br>\n    Rybn\u00e1 716\/24, 110 00 Praha\n  <\/p>\n\n  <p>Osobn\u00ed \u00fadaje jsou zpracov\u00e1v\u00e1ny v rozsahu:<\/p>\n  <ul style=\"padding-left: 1.5rem; margin-bottom: 1.5rem;\">\n    <li>jm\u00e9no a p\u0159\u00edjmen\u00ed<\/li>\n    <li>email<\/li>\n    <li>telefon<\/li>\n    <li>v\u011bk \u00fa\u010dastn\u00edka<\/li>\n    <li>\u0161kola (pokud je uvedena)<\/li>\n  <\/ul>\n\n  <p>\u00dadaje jsou zpracov\u00e1v\u00e1ny pouze pro:<\/p>\n  <ul style=\"padding-left: 1.5rem; margin-bottom: 1.5rem;\">\n    <li>organizaci programu<\/li>\n    <li>komunikaci s rodi\u010di<\/li>\n    <li>administraci registrace<\/li>\n  <\/ul>\n\n  <p>Subjekty \u00fadaj\u016f maj\u00ed pr\u00e1vo:<\/p>\n  <ul style=\"padding-left: 1.5rem; margin-bottom: 2.5rem;\">\n    <li>po\u017eadovat p\u0159\u00edstup ke sv\u00fdm \u00fadaj\u016fm<\/li>\n    <li>po\u017eadovat opravu \u00fadaj\u016f<\/li>\n    <li>po\u017eadovat v\u00fdmaz \u00fadaj\u016f<\/li>\n    <li>podat st\u00ed\u017enost u \u00da\u0159adu pro ochranu osobn\u00edch \u00fadaj\u016f<\/li>\n  <\/ul>\n\n  <h2 style=\"font-family: 'Rozha One', serif; color: #0F172A; font-size: 1.25rem; font-weight: 400; border-bottom: 1px solid #F0E6C5; padding-bottom: 0.5rem; margin-top: 2.5rem;\">Coaching disclaimer<\/h2>\n\n  <p>Program Compass je kou\u010dovac\u00ed a rozvojov\u00fd program.<\/p>\n\n  <p>Neposkytuje:<\/p>\n  <ul style=\"padding-left: 1.5rem; margin-bottom: 1.5rem;\">\n    <li>psychoterapii<\/li>\n    <li>psychologickou diagnostiku<\/li>\n    <li>zdravotn\u00ed slu\u017eby<\/li>\n  <\/ul>\n\n  <p style=\"color: #5F5E5A; font-style: italic;\">Program je zam\u011b\u0159en na reflexi, sebepozn\u00e1n\u00ed a rozvoj rozhodovac\u00edch schopnost\u00ed.<\/p>\n\n<\/div>\t\t\t\t\t\t\t\t<\/div>\n\t\t\t\t<\/div>\n\t\t\t\t\t<\/div>\n\t\t\t\t<\/div>\n\t\t\t\t<\/div>\n\t\t","protected":false},"excerpt":{"rendered":"<p>Z\u00e1sady ochrany osobn\u00edch \u00fadaj\u016f Compass Clarity &amp; Decision Program pro dosp\u00edvaj\u00edc\u00ed (16\u201319) Ochrana osobn\u00edch \u00fadaj\u016f Spr\u00e1vcem osobn\u00edch \u00fadaj\u016f je: Etabl s.r.o. I\u010cO: 04443586 Rybn\u00e1 716\/24, 110 00 Praha Osobn\u00ed \u00fadaje jsou zpracov\u00e1v\u00e1ny v rozsahu: jm\u00e9no a p\u0159\u00edjmen\u00ed email telefon v\u011bk \u00fa\u010dastn\u00edka \u0161kola (pokud je uvedena) \u00dadaje jsou zpracov\u00e1v\u00e1ny pouze pro: organizaci programu komunikaci s rodi\u010di [&hellip;]<\/p>\n","protected":false},"author":28,"featured_media":0,"parent":27085,"menu_order":0,"comment_status":"closed","ping_status":"closed","template":"","meta":{"site-sidebar-layout":"no-sidebar","site-content-layout":"page-builder","ast-site-content-layout":"full-width-container","site-content-style":"default","site-sidebar-style":"default","ast-global-header-display":"","ast-banner-title-visibility":"","ast-main-header-display":"","ast-hfb-above-header-display":"","ast-hfb-below-header-display":"","ast-hfb-mobile-header-display":"","site-post-title":"disabled","ast-breadcrumbs-content":"","ast-featured-img":"disabled","footer-sml-layout":"","ast-disable-related-posts":"","theme-transparent-header-meta":"default","adv-header-id-meta":"","stick-header-meta":"","header-above-stick-meta":"","header-main-stick-meta":"","header-below-stick-meta":"","astra-migrate-meta-layouts":"set","ast-page-background-enabled":"default","ast-page-background-meta":{"desktop":{"background-color":"","background-image":"","background-repeat":"repeat","background-position":"center center","background-size":"auto","background-attachment":"scroll","background-type":"","background-media":"","overlay-type":"","overlay-color":"","overlay-opacity":"","overlay-gradient":""},"tablet":{"background-color":"","background-image":"","background-repeat":"repeat","background-position":"center center","background-size":"auto","background-attachment":"scroll","background-type":"","background-media":"","overlay-type":"","overlay-color":"","overlay-opacity":"","overlay-gradient":""},"mobile":{"background-color":"","background-image":"","background-repeat":"repeat","background-position":"center center","background-size":"auto","background-attachment":"scroll","background-type":"","background-media":"","overlay-type":"","overlay-color":"","overlay-opacity":"","overlay-gradient":""}},"ast-content-background-meta":{"desktop":{"background-color":"var(--ast-global-color-5)","background-image":"","background-repeat":"repeat","background-position":"center center","background-size":"auto","background-attachment":"scroll","background-type":"","background-media":"","overlay-type":"","overlay-color":"","overlay-opacity":"","overlay-gradient":""},"tablet":{"background-color":"var(--ast-global-color-5)","background-image":"","background-repeat":"repeat","background-position":"center center","background-size":"auto","background-attachment":"scroll","background-type":"","background-media":"","overlay-type":"","overlay-color":"","overlay-opacity":"","overlay-gradient":""},"mobile":{"background-color":"var(--ast-global-color-5)","background-image":"","background-repeat":"repeat","background-position":"center center","background-size":"auto","background-attachment":"scroll","background-type":"","background-media":"","overlay-type":"","overlay-color":"","overlay-opacity":"","overlay-gradient":""}},"footnotes":""},"class_list":["post-33176","page","type-page","status-publish","hentry"],"_links":{"self":[{"href":"https:\/\/www.martinaocadlikova.cz\/cs\/wp-json\/wp\/v2\/pages\/33176","targetHints":{"allow":["GET"]}}],"collection":[{"href":"https:\/\/www.martinaocadlikova.cz\/cs\/wp-json\/wp\/v2\/pages"}],"about":[{"href":"https:\/\/www.martinaocadlikova.cz\/cs\/wp-json\/wp\/v2\/types\/page"}],"author":[{"embeddable":true,"href":"https:\/\/www.martinaocadlikova.cz\/cs\/wp-json\/wp\/v2\/users\/28"}],"replies":[{"embeddable":true,"href":"https:\/\/www.martinaocadlikova.cz\/cs\/wp-json\/wp\/v2\/comments?post=33176"}],"version-history":[{"count":4,"href":"https:\/\/www.martinaocadlikova.cz\/cs\/wp-json\/wp\/v2\/pages\/33176\/revisions"}],"predecessor-version":[{"id":33180,"href":"https:\/\/www.martinaocadlikova.cz\/cs\/wp-json\/wp\/v2\/pages\/33176\/revisions\/33180"}],"up":[{"embeddable":true,"href":"https:\/\/www.martinaocadlikova.cz\/cs\/wp-json\/wp\/v2\/pages\/27085"}],"wp:attachment":[{"href":"https:\/\/www.martinaocadlikova.cz\/cs\/wp-json\/wp\/v2\/media?parent=33176"}],"curies":[{"name":"wp","href":"https:\/\/api.w.org\/{rel}","templated":true}]}}