{"id":33283,"date":"2026-04-09T09:31:52","date_gmt":"2026-04-09T08:31:52","guid":{"rendered":"https:\/\/www.martinaocadlikova.cz\/?page_id=33283"},"modified":"2026-04-09T09:33:02","modified_gmt":"2026-04-09T08:33:02","slug":"registrace","status":"publish","type":"page","link":"https:\/\/www.martinaocadlikova.cz\/cs\/compass\/skupinovy-program\/registrace\/","title":{"rendered":"Registrace"},"content":{"rendered":"\t\t<div data-elementor-type=\"wp-page\" data-elementor-id=\"33283\" class=\"elementor elementor-33283\" data-elementor-post-type=\"page\">\n\t\t\t\t<div class=\"elementor-element elementor-element-579d787d e-flex e-con-boxed e-con e-parent\" data-id=\"579d787d\" data-element_type=\"container\" data-e-type=\"container\" data-settings=\"{&quot;background_background&quot;:&quot;classic&quot;,&quot;background_motion_fx_motion_fx_scrolling&quot;:&quot;yes&quot;,&quot;background_motion_fx_devices&quot;:[&quot;widescreen&quot;,&quot;desktop&quot;,&quot;laptop&quot;,&quot;tablet_extra&quot;,&quot;tablet&quot;,&quot;mobile&quot;]}\">\n\t\t\t\t\t<div class=\"e-con-inner\">\n\t\t\t\t<div class=\"elementor-element elementor-element-c1d42f4 elementor-widget__width-initial elementor-widget elementor-widget-heading\" data-id=\"c1d42f4\" data-element_type=\"widget\" data-e-type=\"widget\" data-widget_type=\"heading.default\">\n\t\t\t\t<div class=\"elementor-widget-container\">\n\t\t\t\t\t<h2 class=\"elementor-heading-title elementor-size-default\">Z\u00e1vazn\u00e1 registrace do programu<\/h2>\t\t\t\t<\/div>\n\t\t\t\t<\/div>\n\t\t\t\t<div class=\"elementor-element elementor-element-9fe4b66 elementor-widget__width-initial elementor-widget elementor-widget-text-editor\" data-id=\"9fe4b66\" data-element_type=\"widget\" data-e-type=\"widget\" data-widget_type=\"text-editor.default\">\n\t\t\t\t<div class=\"elementor-widget-container\">\n\t\t\t\t\t\t\t\t\tVypl\u0148te formul\u00e1\u0159 n\u00ed\u017ee. Po odesl\u00e1n\u00ed budete p\u0159esm\u011brov\u00e1ni na v\u00fdb\u011br term\u00ednu a platbu.\t\t\t\t\t\t\t\t<\/div>\n\t\t\t\t<\/div>\n\t\t\t\t\t<\/div>\n\t\t\t\t<\/div>\n\t\t<div class=\"elementor-element elementor-element-14583778 e-flex e-con-boxed e-con e-parent\" data-id=\"14583778\" data-element_type=\"container\" data-e-type=\"container\" data-settings=\"{&quot;background_background&quot;:&quot;classic&quot;}\">\n\t\t\t\t\t<div class=\"e-con-inner\">\n\t\t\t\t<div class=\"elementor-element elementor-element-ea32bfb elementor-widget elementor-widget-html\" data-id=\"ea32bfb\" data-element_type=\"widget\" data-e-type=\"widget\" data-widget_type=\"html.default\">\n\t\t\t\t<div class=\"elementor-widget-container\">\n\t\t\t\t\t<link href=\"https:\/\/fonts.googleapis.com\/css2?family=Rozha+One&family=Inter:wght@400;500&display=swap\" rel=\"stylesheet\">\r\n\r\n<style>\r\n.mo3-steps {\r\n  display: grid;\r\n  grid-template-columns: repeat(3, minmax(0,1fr));\r\n  gap: 16px;\r\n  font-family: 'Inter', sans-serif;\r\n}\r\n.mo3-step {\r\n  background: #FAF5E5;\r\n  border-radius: 12px;\r\n  padding: 20px 22px;\r\n}\r\n.mo3-step.active {\r\n  background: #0F172A;\r\n}\r\n.mo3-step-num {\r\n  font-family: 'Rozha One', serif;\r\n  font-size: 1.6rem;\r\n  font-weight: 400;\r\n  color: rgba(211,155,104,0.35);\r\n  line-height: 1;\r\n  margin-bottom: 8px;\r\n}\r\n.mo3-step.active .mo3-step-num {\r\n  color: #D39B68;\r\n}\r\n.mo3-step-text {\r\n  font-size: 18px;\r\n  color: #0F172A;\r\n  line-height: 1.5;\r\n}\r\n.mo3-step.active .mo3-step-text {\r\n  color: #fff;\r\n}\r\n@media (max-width: 600px) {\r\n  .mo3-steps { grid-template-columns: 1fr; }\r\n}\r\n<\/style>\r\n\r\n<div class=\"mo3-steps\">\r\n  <div class=\"mo3-step active\">\r\n    <div class=\"mo3-step-num\">1<\/div>\r\n    <div class=\"mo3-step-text\">Vypl\u0148te registra\u010dn\u00ed formul\u00e1\u0159<\/div>\r\n  <\/div>\r\n  <div class=\"mo3-step\">\r\n    <div class=\"mo3-step-num\">2<\/div>\r\n    <div class=\"mo3-step-text\">Vyberte term\u00edn a typ programu<\/div>\r\n  <\/div>\r\n  <div class=\"mo3-step\">\r\n    <div class=\"mo3-step-num\">3<\/div>\r\n    <div class=\"mo3-step-text\">Dokon\u010dete platbu<\/div>\r\n  <\/div>\r\n<\/div>\t\t\t\t<\/div>\n\t\t\t\t<\/div>\n\t\t\t\t<div class=\"elementor-element elementor-element-9ebece5 elementor-widget elementor-widget-html\" data-id=\"9ebece5\" data-element_type=\"widget\" data-e-type=\"widget\" data-widget_type=\"html.default\">\n\t\t\t\t<div class=\"elementor-widget-container\">\n\t\t\t\t\t<div class=\"wpforms-container \" id=\"wpforms-33285\"><form id=\"wpforms-form-33285\" class=\"wpforms-validate wpforms-form\" data-formid=\"33285\" method=\"post\" enctype=\"multipart\/form-data\" action=\"\/cs\/wp-json\/wp\/v2\/pages\/33283\" data-token=\"70a7008df7fca780160b10d95ebd4e97\" data-token-time=\"1776388086\"><noscript class=\"wpforms-error-noscript\">Chcete-li vyplnit tento formul\u00e1\u0159, pros\u00edm povolte v prohl\u00ed\u017ee\u010di JavaScript.<\/noscript><div class=\"wpforms-field-container\"><div id=\"wpforms-33285-field_1-container\" class=\"wpforms-field wpforms-field-name\" data-field-id=\"1\"><label class=\"wpforms-field-label\">Jm\u00e9no rodi\u010de <span class=\"wpforms-required-label\">*<\/span><\/label><div class=\"wpforms-field-row wpforms-field-medium\"><div class=\"wpforms-field-row-block wpforms-first wpforms-one-half\"><input type=\"text\" id=\"wpforms-33285-field_1\" class=\"wpforms-field-name-first wpforms-field-required\" name=\"wpforms[fields][1][first]\" required><label for=\"wpforms-33285-field_1\" class=\"wpforms-field-sublabel after\">K\u0159estn\u00ed jm\u00e9no<\/label><\/div><div class=\"wpforms-field-row-block wpforms-one-half\"><input type=\"text\" id=\"wpforms-33285-field_1-last\" class=\"wpforms-field-name-last wpforms-field-required\" name=\"wpforms[fields][1][last]\" required><label for=\"wpforms-33285-field_1-last\" class=\"wpforms-field-sublabel after\">P\u0159\u00edjmen\u00ed<\/label><\/div><\/div><\/div><div id=\"wpforms-33285-field_2-container\" class=\"wpforms-field wpforms-field-email\" data-field-id=\"2\"><label class=\"wpforms-field-label\" for=\"wpforms-33285-field_2\">Email <span class=\"wpforms-required-label\">*<\/span><\/label><input type=\"email\" id=\"wpforms-33285-field_2\" class=\"wpforms-field-medium wpforms-field-required\" name=\"wpforms[fields][2]\" spellcheck=\"false\" required><\/div><div id=\"wpforms-33285-field_9-container\" class=\"wpforms-field wpforms-field-text\" data-field-id=\"9\"><label class=\"wpforms-field-label\" for=\"wpforms-33285-field_9\">Telefon (voliteln\u00e9)<\/label><input type=\"text\" id=\"wpforms-33285-field_9\" class=\"wpforms-field-medium\" name=\"wpforms[fields][9]\" ><\/div><div id=\"wpforms-33285-field_4-container\" class=\"wpforms-field wpforms-field-name\" data-field-id=\"4\"><label class=\"wpforms-field-label\">Jm\u00e9no dosp\u00edvaj\u00edc\u00edho <span class=\"wpforms-required-label\">*<\/span><\/label><div class=\"wpforms-field-row wpforms-field-medium\"><div class=\"wpforms-field-row-block wpforms-first wpforms-one-half\"><input type=\"text\" id=\"wpforms-33285-field_4\" class=\"wpforms-field-name-first wpforms-field-required\" name=\"wpforms[fields][4][first]\" required><label for=\"wpforms-33285-field_4\" class=\"wpforms-field-sublabel after\">K\u0159estn\u00ed jm\u00e9no<\/label><\/div><div class=\"wpforms-field-row-block wpforms-one-half\"><input type=\"text\" id=\"wpforms-33285-field_4-last\" class=\"wpforms-field-name-last wpforms-field-required\" name=\"wpforms[fields][4][last]\" required><label for=\"wpforms-33285-field_4-last\" class=\"wpforms-field-sublabel after\">P\u0159\u00edjmen\u00ed<\/label><\/div><\/div><\/div><div id=\"wpforms-33285-field_5-container\" class=\"wpforms-field wpforms-field-number\" data-field-id=\"5\"><label class=\"wpforms-field-label\" for=\"wpforms-33285-field_5\">V\u011bk dosp\u00edvaj\u00edc\u00edho <span class=\"wpforms-required-label\">*<\/span><\/label><input type=\"number\" id=\"wpforms-33285-field_5\" class=\"wpforms-field-medium wpforms-field-required\" name=\"wpforms[fields][5]\" step=\"any\" required><\/div><div id=\"wpforms-33285-field_6-container\" class=\"wpforms-field wpforms-field-text\" data-field-id=\"6\"><label class=\"wpforms-field-label\" for=\"wpforms-33285-field_6\">\u0160kola (voliteln\u00e9)<\/label><input type=\"text\" id=\"wpforms-33285-field_6\" class=\"wpforms-field-medium\" name=\"wpforms[fields][6]\" ><\/div><div id=\"wpforms-33285-field_10-container\" class=\"wpforms-field wpforms-field-checkbox\" data-field-id=\"10\"><label class=\"wpforms-field-label\">Souhlas\u00edm s podm\u00ednkami programu Compass <span class=\"wpforms-required-label\">*<\/span><\/label><ul id=\"wpforms-33285-field_10\" class=\"wpforms-field-required\"><li class=\"choice-1 depth-1\"><input type=\"checkbox\" id=\"wpforms-33285-field_10_1\" name=\"wpforms[fields][10][]\" value=\"Ano, souhlas\u00edm.\" required ><label class=\"wpforms-field-label-inline\" for=\"wpforms-33285-field_10_1\">Ano, souhlas\u00edm.<\/label><\/li><\/ul><div class=\"wpforms-field-description\"><a href=\"https:\/\/www.martinaocadlikova.cz\/cs\/compass\/podminky-programu\/\" target=\"_blank\" style=\"color:#B57D49;\">P\u0159e\u010d\u00edst podm\u00ednky programu<\/a><\/div><\/div>\t\t<div id=\"wpforms-33285-field_3-container\"\n\t\t\tclass=\"wpforms-field wpforms-field-text\"\n\t\t\tdata-field-type=\"text\"\n\t\t\tdata-field-id=\"3\"\n\t\t\t>\n\t\t\t<label class=\"wpforms-field-label\" for=\"wpforms-33285-field_3\" >Compass Souhlas\u00edm Jm\u00e9no<\/label>\n\t\t\t<input type=\"text\" id=\"wpforms-33285-field_3\" class=\"wpforms-field-medium\" name=\"wpforms[fields][3]\" >\n\t\t<\/div>\n\t\t<div id=\"wpforms-33285-field_13-container\" class=\"wpforms-field wpforms-field-checkbox\" data-field-id=\"13\"><label class=\"wpforms-field-label\">Souhlas\u00edm se zpracov\u00e1n\u00edm osobn\u00edch \u00fadaj\u016f <span class=\"wpforms-required-label\">*<\/span><\/label><ul id=\"wpforms-33285-field_13\" class=\"wpforms-field-required\"><li class=\"choice-1 depth-1\"><input type=\"checkbox\" id=\"wpforms-33285-field_13_1\" name=\"wpforms[fields][13][]\" value=\"Ano, souhlas\u00edm.\" required ><label class=\"wpforms-field-label-inline\" for=\"wpforms-33285-field_13_1\">Ano, souhlas\u00edm.<\/label><\/li><\/ul><div class=\"wpforms-field-description\"><a href=\"https:\/\/www.martinaocadlikova.cz\/cs\/compass\/gdpr\/\" target=\"_blank\" style=\"color:#B57D49;\">P\u0159e\u010d\u00edst z\u00e1sady ochrany osobn\u00edch \u00fadaj\u016f<\/a><\/div><\/div><script>\n\t\t\t\t( function() {\n\t\t\t\t\tconst style = document.createElement( 'style' );\n\t\t\t\t\tstyle.appendChild( document.createTextNode( '#wpforms-33285-field_3-container { position: absolute !important; overflow: hidden !important; display: inline !important; height: 1px !important; width: 1px !important; z-index: -1000 !important; padding: 0 !important; } #wpforms-33285-field_3-container input { visibility: hidden; } #wpforms-conversational-form-page #wpforms-33285-field_3-container label { counter-increment: none; }' ) );\n\t\t\t\t\tdocument.head.appendChild( style );\n\t\t\t\t\tdocument.currentScript?.remove();\n\t\t\t\t} )();\n\t\t\t<\/script><\/div><!-- .wpforms-field-container --><div class=\"wpforms-submit-container\" ><input type=\"hidden\" name=\"wpforms[id]\" value=\"33285\"><input type=\"hidden\" name=\"page_title\" value=\"\"><input type=\"hidden\" name=\"page_url\" value=\"https:\/\/www.martinaocadlikova.cz\/cs\/wp-json\/wp\/v2\/pages\/33283\"><input type=\"hidden\" name=\"url_referer\" value=\"\"><button type=\"submit\" name=\"wpforms[submit]\" id=\"wpforms-submit-33285\" class=\"wpforms-submit\" data-alt-text=\"Odes\u00edl\u00e1ni...\" data-submit-text=\"Odeslat p\u0159ihl\u00e1\u0161ku a p\u0159ej\u00edt k v\u00fdb\u011bru term\u00ednu\" aria-live=\"assertive\" value=\"wpforms-submit\">Odeslat p\u0159ihl\u00e1\u0161ku a p\u0159ej\u00edt k v\u00fdb\u011bru term\u00ednu<\/button><\/div><\/form><\/div>  <!-- .wpforms-container -->\t\t\t\t<\/div>\n\t\t\t\t<\/div>\n\t\t\t\t\t<\/div>\n\t\t\t\t<\/div>\n\t\t\t\t<\/div>\n\t\t","protected":false},"excerpt":{"rendered":"<p>Z\u00e1vazn\u00e1 registrace do programu Vypl\u0148te formul\u00e1\u0159 n\u00ed\u017ee. Po odesl\u00e1n\u00ed budete p\u0159esm\u011brov\u00e1ni na v\u00fdb\u011br term\u00ednu a platbu. 1 Vypl\u0148te registra\u010dn\u00ed formul\u00e1\u0159 2 Vyberte term\u00edn a typ programu 3 Dokon\u010dete platbu<\/p>\n","protected":false},"author":28,"featured_media":0,"parent":33024,"menu_order":0,"comment_status":"closed","ping_status":"closed","template":"","meta":{"site-sidebar-layout":"no-sidebar","site-content-layout":"page-builder","ast-site-content-layout":"full-width-container","site-content-style":"default","site-sidebar-style":"default","ast-global-header-display":"","ast-banner-title-visibility":"","ast-main-header-display":"","ast-hfb-above-header-display":"","ast-hfb-below-header-display":"","ast-hfb-mobile-header-display":"","site-post-title":"disabled","ast-breadcrumbs-content":"","ast-featured-img":"disabled","footer-sml-layout":"","ast-disable-related-posts":"","theme-transparent-header-meta":"default","adv-header-id-meta":"","stick-header-meta":"","header-above-stick-meta":"","header-main-stick-meta":"","header-below-stick-meta":"","astra-migrate-meta-layouts":"set","ast-page-background-enabled":"default","ast-page-background-meta":{"desktop":{"background-color":"","background-image":"","background-repeat":"repeat","background-position":"center center","background-size":"auto","background-attachment":"scroll","background-type":"","background-media":"","overlay-type":"","overlay-color":"","overlay-opacity":"","overlay-gradient":""},"tablet":{"background-color":"","background-image":"","background-repeat":"repeat","background-position":"center center","background-size":"auto","background-attachment":"scroll","background-type":"","background-media":"","overlay-type":"","overlay-color":"","overlay-opacity":"","overlay-gradient":""},"mobile":{"background-color":"","background-image":"","background-repeat":"repeat","background-position":"center center","background-size":"auto","background-attachment":"scroll","background-type":"","background-media":"","overlay-type":"","overlay-color":"","overlay-opacity":"","overlay-gradient":""}},"ast-content-background-meta":{"desktop":{"background-color":"var(--ast-global-color-5)","background-image":"","background-repeat":"repeat","background-position":"center center","background-size":"auto","background-attachment":"scroll","background-type":"","background-media":"","overlay-type":"","overlay-color":"","overlay-opacity":"","overlay-gradient":""},"tablet":{"background-color":"var(--ast-global-color-5)","background-image":"","background-repeat":"repeat","background-position":"center center","background-size":"auto","background-attachment":"scroll","background-type":"","background-media":"","overlay-type":"","overlay-color":"","overlay-opacity":"","overlay-gradient":""},"mobile":{"background-color":"var(--ast-global-color-5)","background-image":"","background-repeat":"repeat","background-position":"center center","background-size":"auto","background-attachment":"scroll","background-type":"","background-media":"","overlay-type":"","overlay-color":"","overlay-opacity":"","overlay-gradient":""}},"footnotes":""},"class_list":["post-33283","page","type-page","status-publish","hentry"],"_links":{"self":[{"href":"https:\/\/www.martinaocadlikova.cz\/cs\/wp-json\/wp\/v2\/pages\/33283","targetHints":{"allow":["GET"]}}],"collection":[{"href":"https:\/\/www.martinaocadlikova.cz\/cs\/wp-json\/wp\/v2\/pages"}],"about":[{"href":"https:\/\/www.martinaocadlikova.cz\/cs\/wp-json\/wp\/v2\/types\/page"}],"author":[{"embeddable":true,"href":"https:\/\/www.martinaocadlikova.cz\/cs\/wp-json\/wp\/v2\/users\/28"}],"replies":[{"embeddable":true,"href":"https:\/\/www.martinaocadlikova.cz\/cs\/wp-json\/wp\/v2\/comments?post=33283"}],"version-history":[{"count":4,"href":"https:\/\/www.martinaocadlikova.cz\/cs\/wp-json\/wp\/v2\/pages\/33283\/revisions"}],"predecessor-version":[{"id":33293,"href":"https:\/\/www.martinaocadlikova.cz\/cs\/wp-json\/wp\/v2\/pages\/33283\/revisions\/33293"}],"up":[{"embeddable":true,"href":"https:\/\/www.martinaocadlikova.cz\/cs\/wp-json\/wp\/v2\/pages\/33024"}],"wp:attachment":[{"href":"https:\/\/www.martinaocadlikova.cz\/cs\/wp-json\/wp\/v2\/media?parent=33283"}],"curies":[{"name":"wp","href":"https:\/\/api.w.org\/{rel}","templated":true}]}}