{"id":30794,"date":"2025-03-07T12:31:03","date_gmt":"2025-03-07T11:31:03","guid":{"rendered":"https:\/\/www.martinaocadlikova.cz\/?post_type=product&#038;p=30794"},"modified":"2025-07-07T16:15:45","modified_gmt":"2025-07-07T15:15:45","slug":"kratkodoby-mentoring-rychla-podpora","status":"publish","type":"product","link":"https:\/\/www.martinaocadlikova.cz\/cs\/kratkodoby-mentoring-rychla-podpora\/","title":{"rendered":"Kr\u00e1tkodob\u00fd mentoring (rychl\u00e1 podpora)<br><span style=\"font-size: 14px;\">3x 50 minut nebo 3x 90 minut<\/span>"},"content":{"rendered":"<p><strong>Co dostanete:<\/strong><\/p>\n<ul class=\"ast-content-ul-list\">\n<li>P\u0159\u00edmou zp\u011btnou vazbu na va\u0161i situaci \u2013 co d\u011bl\u00e1te dob\u0159e a co v\u00e1s brzd\u00ed<\/li>\n<li>Jasnou strategii s konkr\u00e9tn\u00edmi kroky, kter\u00e9 m\u016f\u017eete hned aplikovat<\/li>\n<li>Mentorsk\u00fd pohled na va\u0161e rozhodov\u00e1n\u00ed a mo\u017enosti, abyste se nezasekli<\/li>\n<\/ul>\n<p><strong>Co je na v\u00e1s:<\/strong><\/p>\n<ul class=\"ast-content-ul-list\">\n<li>Otev\u0159enost k jin\u00e9mu pohledu a ochota aplikovat nov\u00e9 p\u0159\u00edstupy<\/li>\n<li>Aktivn\u00ed pr\u00e1ce mezi sezen\u00edmi \u2013 \u0159e\u0161en\u00ed nep\u0159ijde samo<\/li>\n<\/ul>\n","protected":false},"excerpt":{"rendered":"<p>Pro ty, kdo cht\u011bj\u00ed rychle naj\u00edt odpov\u011bdi, z\u00edskat pohled zven\u010d\u00ed a m\u00edt jasn\u00e9 kroky k \u0159e\u0161en\u00ed.<\/p>\n","protected":false},"featured_media":31943,"template":"","meta":{"site-sidebar-layout":"default","site-content-layout":"","ast-site-content-layout":"default","site-content-style":"default","site-sidebar-style":"default","ast-global-header-display":"","ast-banner-title-visibility":"","ast-main-header-display":"","ast-hfb-above-header-display":"","ast-hfb-below-header-display":"","ast-hfb-mobile-header-display":"","site-post-title":"","ast-breadcrumbs-content":"","ast-featured-img":"","footer-sml-layout":"","ast-disable-related-posts":"","theme-transparent-header-meta":"default","adv-header-id-meta":"","stick-header-meta":"","header-above-stick-meta":"","header-main-stick-meta":"","header-below-stick-meta":"","astra-migrate-meta-layouts":"set","ast-page-background-enabled":"default","ast-page-background-meta":{"desktop":{"background-color":"","background-image":"","background-repeat":"repeat","background-position":"center center","background-size":"auto","background-attachment":"scroll","background-type":"","background-media":"","overlay-type":"","overlay-color":"","overlay-opacity":"","overlay-gradient":""},"tablet":{"background-color":"","background-image":"","background-repeat":"repeat","background-position":"center center","background-size":"auto","background-attachment":"scroll","background-type":"","background-media":"","overlay-type":"","overlay-color":"","overlay-opacity":"","overlay-gradient":""},"mobile":{"background-color":"","background-image":"","background-repeat":"repeat","background-position":"center center","background-size":"auto","background-attachment":"scroll","background-type":"","background-media":"","overlay-type":"","overlay-color":"","overlay-opacity":"","overlay-gradient":""}},"ast-content-background-meta":{"desktop":{"background-color":"var(--ast-global-color-5)","background-image":"","background-repeat":"repeat","background-position":"center center","background-size":"auto","background-attachment":"scroll","background-type":"","background-media":"","overlay-type":"","overlay-color":"","overlay-opacity":"","overlay-gradient":""},"tablet":{"background-color":"var(--ast-global-color-5)","background-image":"","background-repeat":"repeat","background-position":"center center","background-size":"auto","background-attachment":"scroll","background-type":"","background-media":"","overlay-type":"","overlay-color":"","overlay-opacity":"","overlay-gradient":""},"mobile":{"background-color":"var(--ast-global-color-5)","background-image":"","background-repeat":"repeat","background-position":"center center","background-size":"auto","background-attachment":"scroll","background-type":"","background-media":"","overlay-type":"","overlay-color":"","overlay-opacity":"","overlay-gradient":""}}},"product_brand":[],"product_cat":[104],"product_tag":[],"class_list":{"0":"post-30794","1":"product","2":"type-product","3":"status-publish","4":"has-post-thumbnail","6":"product_cat-mentoring","7":"desktop-align-left","8":"tablet-align-left","9":"mobile-align-left","11":"first","12":"instock","13":"sale","14":"taxable","15":"shipping-taxable","16":"purchasable","17":"product-type-variable"},"_links":{"self":[{"href":"https:\/\/www.martinaocadlikova.cz\/cs\/wp-json\/wp\/v2\/product\/30794","targetHints":{"allow":["GET"]}}],"collection":[{"href":"https:\/\/www.martinaocadlikova.cz\/cs\/wp-json\/wp\/v2\/product"}],"about":[{"href":"https:\/\/www.martinaocadlikova.cz\/cs\/wp-json\/wp\/v2\/types\/product"}],"wp:featuredmedia":[{"embeddable":true,"href":"https:\/\/www.martinaocadlikova.cz\/cs\/wp-json\/wp\/v2\/media\/31943"}],"wp:attachment":[{"href":"https:\/\/www.martinaocadlikova.cz\/cs\/wp-json\/wp\/v2\/media?parent=30794"}],"wp:term":[{"taxonomy":"product_brand","embeddable":true,"href":"https:\/\/www.martinaocadlikova.cz\/cs\/wp-json\/wp\/v2\/product_brand?post=30794"},{"taxonomy":"product_cat","embeddable":true,"href":"https:\/\/www.martinaocadlikova.cz\/cs\/wp-json\/wp\/v2\/product_cat?post=30794"},{"taxonomy":"product_tag","embeddable":true,"href":"https:\/\/www.martinaocadlikova.cz\/cs\/wp-json\/wp\/v2\/product_tag?post=30794"}],"curies":[{"name":"wp","href":"https:\/\/api.w.org\/{rel}","templated":true}]}}