{"id":30876,"date":"2025-03-12T08:37:27","date_gmt":"2025-03-12T07:37:27","guid":{"rendered":"https:\/\/www.martinaocadlikova.cz\/?post_type=product&#038;p=30876"},"modified":"2025-07-08T09:37:15","modified_gmt":"2025-07-08T08:37:15","slug":"dlouhodoby-mentoring-trvala-transformace","status":"publish","type":"product","link":"https:\/\/www.martinaocadlikova.cz\/cs\/dlouhodoby-mentoring-trvala-transformace\/","title":{"rendered":"Dlouhodob\u00fd mentoring \u2013 trval\u00e1 transformace<br><span style=\"font-size: 14px;\">12x 50 minut nebo 12x 90 minut<\/span>"},"content":{"rendered":"<p><strong>Co dostanete:<\/strong><\/p>\n<ul>\n<li>Dlouhodob\u00e9 veden\u00ed, kter\u00e9 v\u00e1m pom\u016f\u017ee nejen reagovat, ale i tvo\u0159it zm\u011bny<\/li>\n<li>Mentoring zam\u011b\u0159en\u00fd na hlub\u0161\u00ed vzorce chov\u00e1n\u00ed, kter\u00e9 ovliv\u0148uj\u00ed v\u00e1\u0161 \u00fasp\u011bch i selh\u00e1n\u00ed<\/li>\n<li>Pomoc s rozhodov\u00e1n\u00edm, emo\u010dn\u00ed stabilitou a vytrvalost\u00ed<\/li>\n<\/ul>\n<p><strong>Co je na v\u00e1s:<\/strong><\/p>\n<ul>\n<li>Ochota opravdu zm\u011bnit sv\u016fj p\u0159\u00edstup, nejen hledat nov\u00e9 informace<\/li>\n<li>Trp\u011blivost \u2013 mentoring nen\u00ed instantn\u00ed zm\u011bna, ale dlouhodob\u00fd proces<\/li>\n<\/ul>\n","protected":false},"excerpt":{"rendered":"<p>Pro ty, kdo cht\u011bj\u00ed zm\u011bnit nejen situaci, ale i sv\u00e9 my\u0161len\u00ed a p\u0159\u00edstup k \u017eivotu, vztah\u016fm nebo podnik\u00e1n\u00ed.<\/p>\n","protected":false},"featured_media":31944,"template":"","meta":{"site-sidebar-layout":"default","site-content-layout":"","ast-site-content-layout":"default","site-content-style":"default","site-sidebar-style":"default","ast-global-header-display":"","ast-banner-title-visibility":"","ast-main-header-display":"","ast-hfb-above-header-display":"","ast-hfb-below-header-display":"","ast-hfb-mobile-header-display":"","site-post-title":"","ast-breadcrumbs-content":"","ast-featured-img":"","footer-sml-layout":"","ast-disable-related-posts":"","theme-transparent-header-meta":"default","adv-header-id-meta":"","stick-header-meta":"","header-above-stick-meta":"","header-main-stick-meta":"","header-below-stick-meta":"","astra-migrate-meta-layouts":"set","ast-page-background-enabled":"default","ast-page-background-meta":{"desktop":{"background-color":"","background-image":"","background-repeat":"repeat","background-position":"center center","background-size":"auto","background-attachment":"scroll","background-type":"","background-media":"","overlay-type":"","overlay-color":"","overlay-opacity":"","overlay-gradient":""},"tablet":{"background-color":"","background-image":"","background-repeat":"repeat","background-position":"center center","background-size":"auto","background-attachment":"scroll","background-type":"","background-media":"","overlay-type":"","overlay-color":"","overlay-opacity":"","overlay-gradient":""},"mobile":{"background-color":"","background-image":"","background-repeat":"repeat","background-position":"center center","background-size":"auto","background-attachment":"scroll","background-type":"","background-media":"","overlay-type":"","overlay-color":"","overlay-opacity":"","overlay-gradient":""}},"ast-content-background-meta":{"desktop":{"background-color":"var(--ast-global-color-5)","background-image":"","background-repeat":"repeat","background-position":"center center","background-size":"auto","background-attachment":"scroll","background-type":"","background-media":"","overlay-type":"","overlay-color":"","overlay-opacity":"","overlay-gradient":""},"tablet":{"background-color":"var(--ast-global-color-5)","background-image":"","background-repeat":"repeat","background-position":"center center","background-size":"auto","background-attachment":"scroll","background-type":"","background-media":"","overlay-type":"","overlay-color":"","overlay-opacity":"","overlay-gradient":""},"mobile":{"background-color":"var(--ast-global-color-5)","background-image":"","background-repeat":"repeat","background-position":"center center","background-size":"auto","background-attachment":"scroll","background-type":"","background-media":"","overlay-type":"","overlay-color":"","overlay-opacity":"","overlay-gradient":""}}},"product_brand":[],"product_cat":[104],"product_tag":[],"class_list":{"0":"post-30876","1":"product","2":"type-product","3":"status-publish","4":"has-post-thumbnail","6":"product_cat-mentoring","7":"desktop-align-left","8":"tablet-align-left","9":"mobile-align-left","11":"first","12":"instock","13":"sale","14":"taxable","15":"shipping-taxable","16":"purchasable","17":"product-type-variable"},"_links":{"self":[{"href":"https:\/\/www.martinaocadlikova.cz\/cs\/wp-json\/wp\/v2\/product\/30876","targetHints":{"allow":["GET"]}}],"collection":[{"href":"https:\/\/www.martinaocadlikova.cz\/cs\/wp-json\/wp\/v2\/product"}],"about":[{"href":"https:\/\/www.martinaocadlikova.cz\/cs\/wp-json\/wp\/v2\/types\/product"}],"wp:featuredmedia":[{"embeddable":true,"href":"https:\/\/www.martinaocadlikova.cz\/cs\/wp-json\/wp\/v2\/media\/31944"}],"wp:attachment":[{"href":"https:\/\/www.martinaocadlikova.cz\/cs\/wp-json\/wp\/v2\/media?parent=30876"}],"wp:term":[{"taxonomy":"product_brand","embeddable":true,"href":"https:\/\/www.martinaocadlikova.cz\/cs\/wp-json\/wp\/v2\/product_brand?post=30876"},{"taxonomy":"product_cat","embeddable":true,"href":"https:\/\/www.martinaocadlikova.cz\/cs\/wp-json\/wp\/v2\/product_cat?post=30876"},{"taxonomy":"product_tag","embeddable":true,"href":"https:\/\/www.martinaocadlikova.cz\/cs\/wp-json\/wp\/v2\/product_tag?post=30876"}],"curies":[{"name":"wp","href":"https:\/\/api.w.org\/{rel}","templated":true}]}}