{"id":27363,"date":"2024-10-10T14:10:24","date_gmt":"2024-10-10T14:10:24","guid":{"rendered":"https:\/\/www.martinaocadlikova.cz\/?page_id=27363"},"modified":"2026-03-23T21:44:26","modified_gmt":"2026-03-23T20:44:26","slug":"corporate-coaching-and-leadership","status":"publish","type":"page","link":"https:\/\/www.martinaocadlikova.cz\/en\/koucink-pro-firmy-a-lidry\/","title":{"rendered":"For Leaders &amp; Companies"},"content":{"rendered":"\t\t<div data-elementor-type=\"wp-page\" data-elementor-id=\"27363\" class=\"elementor elementor-27363\" data-elementor-post-type=\"page\">\n\t\t\t\t<div class=\"elementor-element elementor-element-7c0c6cce e-flex e-con-boxed e-con e-parent\" data-id=\"7c0c6cce\" data-element_type=\"container\" data-e-type=\"container\" data-settings=\"{&quot;background_background&quot;:&quot;classic&quot;,&quot;background_motion_fx_motion_fx_scrolling&quot;:&quot;yes&quot;,&quot;background_motion_fx_devices&quot;:[&quot;widescreen&quot;,&quot;desktop&quot;,&quot;laptop&quot;,&quot;tablet_extra&quot;,&quot;tablet&quot;,&quot;mobile&quot;]}\">\n\t\t\t\t\t<div class=\"e-con-inner\">\n\t\t\t\t<div class=\"elementor-element elementor-element-219fca0 elementor-widget elementor-widget-spacer\" data-id=\"219fca0\" data-element_type=\"widget\" data-e-type=\"widget\" data-widget_type=\"spacer.default\">\n\t\t\t\t<div class=\"elementor-widget-container\">\n\t\t\t\t\t\t\t<div class=\"elementor-spacer\">\n\t\t\t<div class=\"elementor-spacer-inner\"><\/div>\n\t\t<\/div>\n\t\t\t\t\t\t<\/div>\n\t\t\t\t<\/div>\n\t\t\t\t\t<\/div>\n\t\t\t\t<\/div>\n\t\t<div class=\"elementor-element elementor-element-3a327ae2 e-flex e-con-boxed e-con e-parent\" data-id=\"3a327ae2\" data-element_type=\"container\" data-e-type=\"container\">\n\t\t\t\t\t<div class=\"e-con-inner\">\n\t\t<div class=\"elementor-element elementor-element-163db640 e-con-full coachingBoxBanner e-flex elementor-invisible e-con e-child\" data-id=\"163db640\" data-element_type=\"container\" data-e-type=\"container\" data-settings=\"{&quot;background_background&quot;:&quot;classic&quot;,&quot;position&quot;:&quot;absolute&quot;,&quot;animation&quot;:&quot;fadeInUp&quot;}\">\n\t\t\t\t<div class=\"elementor-element elementor-element-1bd404e elementor-widget elementor-widget-heading\" data-id=\"1bd404e\" data-element_type=\"widget\" data-e-type=\"widget\" data-widget_type=\"heading.default\">\n\t\t\t\t<div class=\"elementor-widget-container\">\n\t\t\t\t\t<h2 class=\"elementor-heading-title elementor-size-default\">Strategick\u00fd leadership: Jasnost v rozhodov\u00e1n\u00ed a vliv pod tlakem<\/h2>\t\t\t\t<\/div>\n\t\t\t\t<\/div>\n\t\t\t\t<div class=\"elementor-element elementor-element-1cbde5b elementor-widget elementor-widget-heading\" data-id=\"1cbde5b\" data-element_type=\"widget\" data-e-type=\"widget\" data-widget_type=\"heading.default\">\n\t\t\t\t<div class=\"elementor-widget-container\">\n\t\t\t\t\t<p class=\"elementor-heading-title elementor-size-default\">Strategie z\u0159\u00eddka selh\u00e1vaj\u00ed na pap\u00ed\u0159e. Selh\u00e1vaj\u00ed v moment\u011b, kdy se v t\u00fdmu p\u0159estane pojmenov\u00e1vat realita, vznik\u00e1 \u201eticho\u201c a rozhodov\u00e1n\u00ed se za\u010dne \u0159\u00eddit vnit\u0159n\u00edmi vzorci m\u00edsto fakt\u016f.\n\nVych\u00e1z\u00edm z 25 let podnikatelsk\u00e9 praxe a zku\u0161enost\u00ed z veden\u00ed mezin\u00e1rodn\u00edho sales t\u00fdmu.  Pom\u00e1h\u00e1m l\u00eddr\u016fm a jejich t\u00fdm\u016fm vid\u011bt slep\u00e9 skvrny a z\u00edskat odvahu jednat tam, kde nejasn\u00e9 dynamiky za\u010daly brzdit r\u016fst a akceschopnost.<\/p>\t\t\t\t<\/div>\n\t\t\t\t<\/div>\n\t\t\t\t<\/div>\n\t\t\t\t\t<\/div>\n\t\t\t\t<\/div>\n\t\t<div class=\"elementor-element elementor-element-51cb6251 e-flex e-con-boxed elementor-invisible e-con e-parent\" data-id=\"51cb6251\" data-element_type=\"container\" data-e-type=\"container\" data-settings=\"{&quot;background_background&quot;:&quot;classic&quot;,&quot;animation&quot;:&quot;fadeInUp&quot;}\">\n\t\t\t\t\t<div class=\"e-con-inner\">\n\t\t<div class=\"elementor-element elementor-element-143d2d9c e-con-full e-flex e-con e-child\" data-id=\"143d2d9c\" data-element_type=\"container\" data-e-type=\"container\">\n\t\t\t\t<div class=\"elementor-element elementor-element-c3da87d elementor-widget elementor-widget-image\" data-id=\"c3da87d\" data-element_type=\"widget\" data-e-type=\"widget\" data-widget_type=\"image.default\">\n\t\t\t\t<div class=\"elementor-widget-container\">\n\t\t\t\t\t\t\t\t\t\t\t\t\t\t\t<img fetchpriority=\"high\" decoding=\"async\" width=\"1024\" height=\"683\" src=\"https:\/\/www.martinaocadlikova.cz\/wp-content\/uploads\/2025\/02\/iStock-1137360522.jpg\" class=\"attachment-large size-large wp-image-29580\" alt=\"\" srcset=\"https:\/\/www.martinaocadlikova.cz\/wp-content\/uploads\/2025\/02\/iStock-1137360522.jpg 1024w, https:\/\/www.martinaocadlikova.cz\/wp-content\/uploads\/2025\/02\/iStock-1137360522-600x400.jpg 600w, https:\/\/www.martinaocadlikova.cz\/wp-content\/uploads\/2025\/02\/iStock-1137360522-300x200.jpg 300w, https:\/\/www.martinaocadlikova.cz\/wp-content\/uploads\/2025\/02\/iStock-1137360522-768x512.jpg 768w, https:\/\/www.martinaocadlikova.cz\/wp-content\/uploads\/2025\/02\/iStock-1137360522-18x12.jpg 18w\" sizes=\"(max-width: 1024px) 100vw, 1024px\" \/>\t\t\t\t\t\t\t\t\t\t\t\t\t\t\t<\/div>\n\t\t\t\t<\/div>\n\t\t\t\t<div class=\"elementor-element elementor-element-238830f9 elementor-widget__width-auto elementor-absolute elementor-widget elementor-widget-image\" data-id=\"238830f9\" data-element_type=\"widget\" data-e-type=\"widget\" data-settings=\"{&quot;_position&quot;:&quot;absolute&quot;}\" data-widget_type=\"image.default\">\n\t\t\t\t<div class=\"elementor-widget-container\">\n\t\t\t\t\t\t\t\t\t\t\t\t\t\t\t<img decoding=\"async\" width=\"176\" height=\"518\" src=\"https:\/\/www.martinaocadlikova.cz\/wp-content\/uploads\/2024\/10\/Vector.png\" class=\"attachment-full size-full wp-image-27542\" alt=\"\" srcset=\"https:\/\/www.martinaocadlikova.cz\/wp-content\/uploads\/2024\/10\/Vector.png 176w, https:\/\/www.martinaocadlikova.cz\/wp-content\/uploads\/2024\/10\/Vector-102x300.png 102w\" sizes=\"(max-width: 176px) 100vw, 176px\" \/>\t\t\t\t\t\t\t\t\t\t\t\t\t\t\t<\/div>\n\t\t\t\t<\/div>\n\t\t\t\t<\/div>\n\t\t<div class=\"elementor-element elementor-element-4ac4fa8f e-con-full e-flex e-con e-child\" data-id=\"4ac4fa8f\" data-element_type=\"container\" data-e-type=\"container\">\n\t\t\t\t<div class=\"elementor-element elementor-element-280232b elementor-widget elementor-widget-heading\" data-id=\"280232b\" data-element_type=\"widget\" data-e-type=\"widget\" data-widget_type=\"heading.default\">\n\t\t\t\t<div class=\"elementor-widget-container\">\n\t\t\t\t\t<p class=\"elementor-heading-title elementor-size-default\">Co mohu nab\u00eddnout va\u0161\u00ed firm\u011b?<\/p>\t\t\t\t<\/div>\n\t\t\t\t<\/div>\n\t\t\t\t<div class=\"elementor-element elementor-element-4f5b431 elementor-widget elementor-widget-text-editor\" data-id=\"4f5b431\" data-element_type=\"widget\" data-e-type=\"widget\" data-widget_type=\"text-editor.default\">\n\t\t\t\t<div class=\"elementor-widget-container\">\n\t\t\t\t\t\t\t\t\t<ul><li><strong>Individu\u00e1ln\u00ed strategick\u00fd kou\u010dink pro l\u00eddry:<\/strong>\u00a0Podpora v momentech, kdy nesete plnou odpov\u011bdnost a pot\u0159ebujete si ujasnit \u00fasudek bez vn\u011bj\u0161\u00edho tlaku.<\/li><li><strong>Audit t\u00fdmov\u00e9 dynamiky:<\/strong>\u00a0Rozkryt\u00ed \u201eneviditeln\u00fdch\u201c bari\u00e9r a vzorc\u016f, kter\u00e9 brzd\u00ed spolupr\u00e1ci, rozhodov\u00e1n\u00ed a celkov\u00fd v\u00fdkon t\u00fdmu.<\/li><li><strong>Pr\u00e1ce s n\u00e1ro\u010dnou komunikac\u00ed:<\/strong>\u00a0Jak p\u0159ekonat ticho v t\u00fdmu a vytvo\u0159it prostor, kde se fakta pojmenov\u00e1vaj\u00ed p\u0159\u00edmo a konstruktivn\u011b.<\/li><li><strong>Reflexe vzorc\u016f v praxi:<\/strong>\u00a0Workshopy zam\u011b\u0159en\u00e9 na konkr\u00e9tn\u00ed situace z va\u0161eho prost\u0159ed\u00ed, kter\u00e9 se opakuj\u00ed a zbyte\u010dn\u011b vy\u010derp\u00e1vaj\u00ed energii lid\u00ed.<\/li><li><strong>Podpora p\u0159i strategick\u00fdch zm\u011bn\u00e1ch:<\/strong>\u00a0Pomoc s udr\u017een\u00edm jasnosti a vlivu l\u00eddra v obdob\u00edch nejistoty nebo transformace firmy.<\/li><\/ul>\t\t\t\t\t\t\t\t<\/div>\n\t\t\t\t<\/div>\n\t\t\t\t<div class=\"elementor-element elementor-element-73248f9 elementor-widget elementor-widget-text-editor\" data-id=\"73248f9\" data-element_type=\"widget\" data-e-type=\"widget\" data-widget_type=\"text-editor.default\">\n\t\t\t\t<div class=\"elementor-widget-container\">\n\t\t\t\t\t\t\t\t\t<p>Spolupr\u00e1ce se v\u017edy odv\u00edj\u00ed od re\u00e1ln\u00fdch pot\u0159eb firmy a konkr\u00e9tn\u00edch situac\u00ed, ne od p\u0159edem dan\u00e9ho teoretick\u00e9ho programu.<\/p>\t\t\t\t\t\t\t\t<\/div>\n\t\t\t\t<\/div>\n\t\t\t\t<div class=\"elementor-element elementor-element-525b3434 elementor-widget__width-auto elementor-absolute elementor-widget elementor-widget-image\" data-id=\"525b3434\" data-element_type=\"widget\" data-e-type=\"widget\" data-settings=\"{&quot;_position&quot;:&quot;absolute&quot;}\" data-widget_type=\"image.default\">\n\t\t\t\t<div class=\"elementor-widget-container\">\n\t\t\t\t\t\t\t\t\t\t\t\t\t\t\t<img decoding=\"async\" width=\"176\" height=\"518\" src=\"https:\/\/www.martinaocadlikova.cz\/wp-content\/uploads\/2024\/10\/Vector.png\" class=\"attachment-full size-full wp-image-27542\" alt=\"\" srcset=\"https:\/\/www.martinaocadlikova.cz\/wp-content\/uploads\/2024\/10\/Vector.png 176w, https:\/\/www.martinaocadlikova.cz\/wp-content\/uploads\/2024\/10\/Vector-102x300.png 102w\" sizes=\"(max-width: 176px) 100vw, 176px\" \/>\t\t\t\t\t\t\t\t\t\t\t\t\t\t\t<\/div>\n\t\t\t\t<\/div>\n\t\t\t\t<\/div>\n\t\t\t\t\t<\/div>\n\t\t\t\t<\/div>\n\t\t<div class=\"elementor-element elementor-element-1b58214f e-con-full e-flex elementor-invisible e-con e-parent\" data-id=\"1b58214f\" data-element_type=\"container\" data-e-type=\"container\" data-settings=\"{&quot;background_background&quot;:&quot;classic&quot;,&quot;animation&quot;:&quot;fadeInUp&quot;}\">\n\t\t\t\t<div class=\"elementor-element elementor-element-7152e11f elementor-absolute elementor-widget elementor-widget-image\" data-id=\"7152e11f\" data-element_type=\"widget\" data-e-type=\"widget\" data-settings=\"{&quot;_position&quot;:&quot;absolute&quot;}\" data-widget_type=\"image.default\">\n\t\t\t\t<div class=\"elementor-widget-container\">\n\t\t\t\t\t\t\t\t\t\t\t\t\t\t\t<img decoding=\"async\" width=\"276\" height=\"249\" src=\"https:\/\/www.martinaocadlikova.cz\/wp-content\/uploads\/2024\/10\/image-2-2.png\" class=\"attachment-full size-full wp-image-28021\" alt=\"\" \/>\t\t\t\t\t\t\t\t\t\t\t\t\t\t\t<\/div>\n\t\t\t\t<\/div>\n\t\t\t\t<div class=\"elementor-element elementor-element-6555aed8 elementor-absolute elementor-widget elementor-widget-image\" data-id=\"6555aed8\" data-element_type=\"widget\" data-e-type=\"widget\" data-settings=\"{&quot;_position&quot;:&quot;absolute&quot;}\" data-widget_type=\"image.default\">\n\t\t\t\t<div class=\"elementor-widget-container\">\n\t\t\t\t\t\t\t\t\t\t\t\t\t\t\t<img loading=\"lazy\" decoding=\"async\" width=\"349\" height=\"370\" src=\"https:\/\/www.martinaocadlikova.cz\/wp-content\/uploads\/2024\/10\/image-3-1.png\" class=\"attachment-full size-full wp-image-28020\" alt=\"\" srcset=\"https:\/\/www.martinaocadlikova.cz\/wp-content\/uploads\/2024\/10\/image-3-1.png 349w, https:\/\/www.martinaocadlikova.cz\/wp-content\/uploads\/2024\/10\/image-3-1-283x300.png 283w\" sizes=\"(max-width: 349px) 100vw, 349px\" \/>\t\t\t\t\t\t\t\t\t\t\t\t\t\t\t<\/div>\n\t\t\t\t<\/div>\n\t\t<div class=\"elementor-element elementor-element-813f3da e-flex e-con-boxed e-con e-child\" data-id=\"813f3da\" data-element_type=\"container\" data-e-type=\"container\">\n\t\t\t\t\t<div class=\"e-con-inner\">\n\t\t\t\t<div class=\"elementor-element elementor-element-cfe097c elementor-widget elementor-widget-heading\" data-id=\"cfe097c\" data-element_type=\"widget\" data-e-type=\"widget\" data-widget_type=\"heading.default\">\n\t\t\t\t<div class=\"elementor-widget-container\">\n\t\t\t\t\t<h4 class=\"elementor-heading-title elementor-size-default\">Jak spolupr\u00e1ce prob\u00edh\u00e1:<\/h4>\t\t\t\t<\/div>\n\t\t\t\t<\/div>\n\t\t\t\t<div class=\"elementor-element elementor-element-424054e elementor-widget elementor-widget-text-editor\" data-id=\"424054e\" data-element_type=\"widget\" data-e-type=\"widget\" data-widget_type=\"text-editor.default\">\n\t\t\t\t<div class=\"elementor-widget-container\">\n\t\t\t\t\t\t\t\t\t<ul><li><strong>Individu\u00e1ln\u00ed setk\u00e1n\u00ed (online nebo osobn\u011b):<\/strong>\u00a0Form\u00e1t a frekvence se p\u0159izp\u016fsobuj\u00ed situaci a va\u0161emu c\u00edli.<\/li><li><strong>P\u0159\u00edm\u00e1 zp\u011btn\u00e1 vazba a strukturovan\u00e1 reflexe:<\/strong>\u00a0Ne\u010dekejte jen naslouch\u00e1n\u00ed, ale pojmenov\u00e1v\u00e1n\u00ed reality v konkr\u00e9tn\u00edch situac\u00edch.<\/li><li><strong>Pr\u00e1ce s realitou, ne s teori\u00ed:<\/strong>\u00a0Analyzujeme skute\u010dn\u00e1 rozhodnut\u00ed, konflikty a momenty, kter\u00e9 se ve firm\u011b d\u011bj\u00ed pr\u00e1v\u011b te\u010f.<\/li><li><strong>Flexibilita:<\/strong> Kr\u00e1tkodob\u00e1 spolupr\u00e1ce pro rychlou orientaci v jedn\u00e9 situaci, nebo dlouhodob\u00e1 podpora p\u0159i zm\u011bn\u011b kultury v t\u00fdmu.<\/li><\/ul><p style=\"font-weight: 400;\"><strong>\u00a0 \u00a0 \u00a0 \u00a0 \u00a0 \u00a0 Ne\u0159e\u0161\u00edme abstraktn\u00ed leadership. \u0158e\u0161\u00edme to, co se ve firm\u011b d\u011bje te\u010f.<\/strong><\/p>\t\t\t\t\t\t\t\t<\/div>\n\t\t\t\t<\/div>\n\t\t\t\t\t<\/div>\n\t\t\t\t<\/div>\n\t\t<div class=\"elementor-element elementor-element-277740e e-flex e-con-boxed e-con e-child\" data-id=\"277740e\" data-element_type=\"container\" data-e-type=\"container\">\n\t\t\t\t\t<div class=\"e-con-inner\">\n\t\t\t\t<div class=\"elementor-element elementor-element-4bdb6fb elementor-widget elementor-widget-heading\" data-id=\"4bdb6fb\" data-element_type=\"widget\" data-e-type=\"widget\" data-widget_type=\"heading.default\">\n\t\t\t\t<div class=\"elementor-widget-container\">\n\t\t\t\t\t<h4 class=\"elementor-heading-title elementor-size-default\">    Co spolupr\u00e1ce firm\u011b p\u0159inese:<\/h4>\t\t\t\t<\/div>\n\t\t\t\t<\/div>\n\t\t\t\t<div class=\"elementor-element elementor-element-b5869df elementor-widget elementor-widget-text-editor\" data-id=\"b5869df\" data-element_type=\"widget\" data-e-type=\"widget\" data-widget_type=\"text-editor.default\">\n\t\t\t\t<div class=\"elementor-widget-container\">\n\t\t\t\t\t\t\t\t\t<ul><li><strong>V\u011bt\u0161\u00ed jasnost v rozhodov\u00e1n\u00ed:<\/strong> Schopnost odd\u011blit fakta od interpretac\u00ed a vlastn\u00edch vnit\u0159n\u00edch vzorc\u016f<\/li><li><strong>Stabiln\u011bj\u0161\u00ed komunikace:<\/strong> Konec (ticha) v t\u00fdmu a vytvo\u0159en\u00ed prostoru pro p\u0159\u00edm\u00e9 pojmenov\u00e1n\u00ed v\u011bc\u00ed.<\/li><li><strong>P\u0159esn\u011bj\u0161\u00ed reakce pod tlakem:<\/strong> Schopnost zachovat si nadhled a vliv v n\u00e1ro\u010dn\u00fdch situac\u00edch.<\/li><li><strong>Oporu pro l\u00eddra:<\/strong> Pevn\u011bj\u0161\u00ed \u00fasudek v osam\u011bl\u00e9 roli toho, kdo nese odpov\u011bdnost za v\u00fdsledky a lidi,<\/li><\/ul><p style=\"font-weight: 400;\">\u00a0<\/p>\t\t\t\t\t\t\t\t<\/div>\n\t\t\t\t<\/div>\n\t\t\t\t\t<\/div>\n\t\t\t\t<\/div>\n\t\t<div class=\"elementor-element elementor-element-b01785c e-flex e-con-boxed e-con e-child\" data-id=\"b01785c\" data-element_type=\"container\" data-e-type=\"container\">\n\t\t\t\t\t<div class=\"e-con-inner\">\n\t\t\t\t<div class=\"elementor-element elementor-element-f1d9e7c elementor-widget elementor-widget-heading\" data-id=\"f1d9e7c\" data-element_type=\"widget\" data-e-type=\"widget\" data-widget_type=\"heading.default\">\n\t\t\t\t<div class=\"elementor-widget-container\">\n\t\t\t\t\t<h3 class=\"elementor-heading-title elementor-size-default\">Firemn\u00ed kou\u010dink a workshopy: cena dle rozsahu spolupr\u00e1ce<\/h3>\t\t\t\t<\/div>\n\t\t\t\t<\/div>\n\t\t\t\t<div class=\"elementor-element elementor-element-480a5f2 elementor-widget elementor-widget-text-editor\" data-id=\"480a5f2\" data-element_type=\"widget\" data-e-type=\"widget\" data-widget_type=\"text-editor.default\">\n\t\t\t\t<div class=\"elementor-widget-container\">\n\t\t\t\t\t\t\t\t\t<p>Rozsah spolupr\u00e1ce vych\u00e1z\u00ed z konkr\u00e9tn\u00ed situace firmy. Po \u00favodn\u00ed konzultaci navrhnu p\u0159\u00edstup zam\u011b\u0159en\u00fd na re\u00e1ln\u00e9 pot\u0159eby, c\u00edle a dynamiku t\u00fdmu nebo veden\u00ed.<\/p>\t\t\t\t\t\t\t\t<\/div>\n\t\t\t\t<\/div>\n\t\t\t\t<div class=\"elementor-element elementor-element-6eedcc4 elementor-widget elementor-widget-heading\" data-id=\"6eedcc4\" data-element_type=\"widget\" data-e-type=\"widget\" data-widget_type=\"heading.default\">\n\t\t\t\t<div class=\"elementor-widget-container\">\n\t\t\t\t\t<h4 class=\"elementor-heading-title elementor-size-default\">Mo\u017en\u00e1 forma spolupr\u00e1ce:<\/h4>\t\t\t\t<\/div>\n\t\t\t\t<\/div>\n\t\t\t\t<div class=\"elementor-element elementor-element-e9d9956 elementor-widget elementor-widget-text-editor\" data-id=\"e9d9956\" data-element_type=\"widget\" data-e-type=\"widget\" data-widget_type=\"text-editor.default\">\n\t\t\t\t<div class=\"elementor-widget-container\">\n\t\t\t\t\t\t\t\t\t<ul><li>individu\u00e1ln\u00ed strategick\u00fd kou\u010dink l\u00eddr\u016f<\/li><li>audit a pr\u00e1ce s t\u00fdmovou dynamikou<\/li><li>workshopy zam\u011b\u0159en\u00e9 na konkr\u00e9tn\u00ed situace z praxe<\/li><li>dlouhodob\u00e1 podpora veden\u00ed p\u0159i zm\u011bn\u00e1ch<\/li><\/ul>\t\t\t\t\t\t\t\t<\/div>\n\t\t\t\t<\/div>\n\t\t\t\t<div class=\"elementor-element elementor-element-3a436438 elementor-align-center elementor-widget elementor-widget-button\" data-id=\"3a436438\" data-element_type=\"widget\" data-e-type=\"widget\" data-widget_type=\"button.default\">\n\t\t\t\t<div class=\"elementor-widget-container\">\n\t\t\t\t\t\t\t\t\t<div class=\"elementor-button-wrapper\">\n\t\t\t\t\t<a class=\"elementor-button elementor-button-link elementor-size-sm\" href=\"https:\/\/www.martinaocadlikova.cz\/en\/kontakt\/\">\n\t\t\t\t\t\t<span class=\"elementor-button-content-wrapper\">\n\t\t\t\t\t\t\t\t\t<span class=\"elementor-button-text\">Kontakt<\/span>\n\t\t\t\t\t<\/span>\n\t\t\t\t\t<\/a>\n\t\t\t\t<\/div>\n\t\t\t\t\t\t\t\t<\/div>\n\t\t\t\t<\/div>\n\t\t\t\t\t<\/div>\n\t\t\t\t<\/div>\n\t\t\t\t<\/div>\n\t\t\t\t<\/div>\n\t\t","protected":false},"excerpt":{"rendered":"<p>Strategick\u00fd leadership: Jasnost v rozhodov\u00e1n\u00ed a vliv pod tlakem Strategie z\u0159\u00eddka selh\u00e1vaj\u00ed na pap\u00ed\u0159e. Selh\u00e1vaj\u00ed v moment\u011b, kdy se v t\u00fdmu p\u0159estane pojmenov\u00e1vat realita, vznik\u00e1 \u201eticho\u201c a rozhodov\u00e1n\u00ed se za\u010dne \u0159\u00eddit vnit\u0159n\u00edmi vzorci m\u00edsto fakt\u016f. Vych\u00e1z\u00edm z 25 let podnikatelsk\u00e9 praxe a zku\u0161enost\u00ed z veden\u00ed mezin\u00e1rodn\u00edho sales t\u00fdmu. Pom\u00e1h\u00e1m l\u00eddr\u016fm a jejich t\u00fdm\u016fm vid\u011bt slep\u00e9 [&hellip;]<\/p>\n","protected":false},"author":1,"featured_media":0,"parent":0,"menu_order":0,"comment_status":"closed","ping_status":"closed","template":"","meta":{"site-sidebar-layout":"no-sidebar","site-content-layout":"page-builder","ast-site-content-layout":"full-width-container","site-content-style":"default","site-sidebar-style":"default","ast-global-header-display":"","ast-banner-title-visibility":"","ast-main-header-display":"","ast-hfb-above-header-display":"","ast-hfb-below-header-display":"","ast-hfb-mobile-header-display":"","site-post-title":"disabled","ast-breadcrumbs-content":"","ast-featured-img":"disabled","footer-sml-layout":"","ast-disable-related-posts":"","theme-transparent-header-meta":"default","adv-header-id-meta":"","stick-header-meta":"","header-above-stick-meta":"","header-main-stick-meta":"","header-below-stick-meta":"","astra-migrate-meta-layouts":"set","ast-page-background-enabled":"default","ast-page-background-meta":{"desktop":{"background-color":"","background-image":"","background-repeat":"repeat","background-position":"center center","background-size":"auto","background-attachment":"scroll","background-type":"","background-media":"","overlay-type":"","overlay-color":"","overlay-opacity":"","overlay-gradient":""},"tablet":{"background-color":"","background-image":"","background-repeat":"repeat","background-position":"center center","background-size":"auto","background-attachment":"scroll","background-type":"","background-media":"","overlay-type":"","overlay-color":"","overlay-opacity":"","overlay-gradient":""},"mobile":{"background-color":"","background-image":"","background-repeat":"repeat","background-position":"center center","background-size":"auto","background-attachment":"scroll","background-type":"","background-media":"","overlay-type":"","overlay-color":"","overlay-opacity":"","overlay-gradient":""}},"ast-content-background-meta":{"desktop":{"background-color":"var(--ast-global-color-5)","background-image":"","background-repeat":"repeat","background-position":"center center","background-size":"auto","background-attachment":"scroll","background-type":"","background-media":"","overlay-type":"","overlay-color":"","overlay-opacity":"","overlay-gradient":""},"tablet":{"background-color":"var(--ast-global-color-5)","background-image":"","background-repeat":"repeat","background-position":"center center","background-size":"auto","background-attachment":"scroll","background-type":"","background-media":"","overlay-type":"","overlay-color":"","overlay-opacity":"","overlay-gradient":""},"mobile":{"background-color":"var(--ast-global-color-5)","background-image":"","background-repeat":"repeat","background-position":"center center","background-size":"auto","background-attachment":"scroll","background-type":"","background-media":"","overlay-type":"","overlay-color":"","overlay-opacity":"","overlay-gradient":""}},"footnotes":""},"class_list":["post-27363","page","type-page","status-publish","hentry"],"_links":{"self":[{"href":"https:\/\/www.martinaocadlikova.cz\/en\/wp-json\/wp\/v2\/pages\/27363","targetHints":{"allow":["GET"]}}],"collection":[{"href":"https:\/\/www.martinaocadlikova.cz\/en\/wp-json\/wp\/v2\/pages"}],"about":[{"href":"https:\/\/www.martinaocadlikova.cz\/en\/wp-json\/wp\/v2\/types\/page"}],"author":[{"embeddable":true,"href":"https:\/\/www.martinaocadlikova.cz\/en\/wp-json\/wp\/v2\/users\/1"}],"replies":[{"embeddable":true,"href":"https:\/\/www.martinaocadlikova.cz\/en\/wp-json\/wp\/v2\/comments?post=27363"}],"version-history":[{"count":155,"href":"https:\/\/www.martinaocadlikova.cz\/en\/wp-json\/wp\/v2\/pages\/27363\/revisions"}],"predecessor-version":[{"id":32691,"href":"https:\/\/www.martinaocadlikova.cz\/en\/wp-json\/wp\/v2\/pages\/27363\/revisions\/32691"}],"wp:attachment":[{"href":"https:\/\/www.martinaocadlikova.cz\/en\/wp-json\/wp\/v2\/media?parent=27363"}],"curies":[{"name":"wp","href":"https:\/\/api.w.org\/{rel}","templated":true}]}}