{"id":27449,"date":"2024-10-10T17:22:59","date_gmt":"2024-10-10T17:22:59","guid":{"rendered":"https:\/\/www.martinaocadlikova.cz\/?page_id=27449"},"modified":"2026-02-25T17:51:05","modified_gmt":"2026-02-25T16:51:05","slug":"individual-collaboration","status":"publish","type":"page","link":"https:\/\/www.martinaocadlikova.cz\/en\/individualni-spoluprace\/","title":{"rendered":"Mentoring"},"content":{"rendered":"\t\t<div data-elementor-type=\"wp-page\" data-elementor-id=\"27449\" class=\"elementor elementor-27449\" data-elementor-post-type=\"page\">\n\t\t\t\t<div class=\"elementor-element elementor-element-44da1aef e-flex e-con-boxed e-con e-parent\" data-id=\"44da1aef\" data-element_type=\"container\" data-e-type=\"container\" data-settings=\"{&quot;background_background&quot;:&quot;classic&quot;,&quot;background_motion_fx_motion_fx_scrolling&quot;:&quot;yes&quot;,&quot;background_motion_fx_devices&quot;:[&quot;widescreen&quot;,&quot;desktop&quot;,&quot;laptop&quot;,&quot;tablet_extra&quot;,&quot;tablet&quot;,&quot;mobile&quot;]}\">\n\t\t\t\t\t<div class=\"e-con-inner\">\n\t\t\t\t<div class=\"elementor-element elementor-element-6b5ddcf0 elementor-widget elementor-widget-spacer\" data-id=\"6b5ddcf0\" data-element_type=\"widget\" data-e-type=\"widget\" data-widget_type=\"spacer.default\">\n\t\t\t\t<div class=\"elementor-widget-container\">\n\t\t\t\t\t\t\t<div class=\"elementor-spacer\">\n\t\t\t<div class=\"elementor-spacer-inner\"><\/div>\n\t\t<\/div>\n\t\t\t\t\t\t<\/div>\n\t\t\t\t<\/div>\n\t\t\t\t\t<\/div>\n\t\t\t\t<\/div>\n\t\t<div class=\"elementor-element elementor-element-72d4cbcf e-flex e-con-boxed e-con e-parent\" data-id=\"72d4cbcf\" data-element_type=\"container\" data-e-type=\"container\">\n\t\t\t\t\t<div class=\"e-con-inner\">\n\t\t<div class=\"elementor-element elementor-element-4d024ad0 e-con-full coachingBoxBanner e-flex elementor-invisible e-con e-child\" data-id=\"4d024ad0\" data-element_type=\"container\" data-e-type=\"container\" data-settings=\"{&quot;background_background&quot;:&quot;classic&quot;,&quot;position&quot;:&quot;absolute&quot;,&quot;animation&quot;:&quot;fadeInUp&quot;}\">\n\t\t\t\t<div class=\"elementor-element elementor-element-f34d136 elementor-widget elementor-widget-heading\" data-id=\"f34d136\" data-element_type=\"widget\" data-e-type=\"widget\" data-widget_type=\"heading.default\">\n\t\t\t\t<div class=\"elementor-widget-container\">\n\t\t\t\t\t<h2 class=\"elementor-heading-title elementor-size-default\">Individu\u00e1ln\u00ed spolupr\u00e1ce - jasnost, rozhodov\u00e1n\u00ed a r\u016fst<\/h2>\t\t\t\t<\/div>\n\t\t\t\t<\/div>\n\t\t\t\t<div class=\"elementor-element elementor-element-ded3d5a elementor-widget elementor-widget-heading\" data-id=\"ded3d5a\" data-element_type=\"widget\" data-e-type=\"widget\" data-widget_type=\"heading.default\">\n\t\t\t\t<div class=\"elementor-widget-container\">\n\t\t\t\t\t<h2 class=\"elementor-heading-title elementor-size-default\">Individu\u00e1ln\u00ed spolupr\u00e1ce zam\u011b\u0159en\u00e1 na konkr\u00e9tn\u00ed situace, rozhodov\u00e1n\u00ed a vztahov\u00e9 \u010di komunika\u010dn\u00ed dynamiky. Pracujeme s t\u00edm, co se skute\u010dn\u011b d\u011bje, co se opakuje a kde vznik\u00e1 tlak nebo nejasnost.<\/h2>\t\t\t\t<\/div>\n\t\t\t\t<\/div>\n\t\t\t\t<\/div>\n\t\t\t\t\t<\/div>\n\t\t\t\t<\/div>\n\t\t<div class=\"elementor-element elementor-element-54166556 e-flex e-con-boxed elementor-invisible e-con e-parent\" data-id=\"54166556\" data-element_type=\"container\" data-e-type=\"container\" data-settings=\"{&quot;background_background&quot;:&quot;classic&quot;,&quot;animation&quot;:&quot;fadeInUp&quot;}\">\n\t\t\t\t\t<div class=\"e-con-inner\">\n\t\t<div class=\"elementor-element elementor-element-6c0704ae e-con-full e-flex e-con e-child\" data-id=\"6c0704ae\" data-element_type=\"container\" data-e-type=\"container\">\n\t\t<div class=\"elementor-element elementor-element-5487a123 e-con-full session-card e-flex e-con e-child\" data-id=\"5487a123\" data-element_type=\"container\" data-e-type=\"container\" data-settings=\"{&quot;background_background&quot;:&quot;classic&quot;}\">\n\t\t\t\t<div class=\"elementor-element elementor-element-37858cb9 elementor-widget elementor-widget-heading\" data-id=\"37858cb9\" data-element_type=\"widget\" data-e-type=\"widget\" data-widget_type=\"heading.default\">\n\t\t\t\t<div class=\"elementor-widget-container\">\n\t\t\t\t\t<h2 class=\"elementor-heading-title elementor-size-default\">Individu\u00e1ln\u00ed spolupr\u00e1ce<\/h2>\t\t\t\t<\/div>\n\t\t\t\t<\/div>\n\t\t\t\t<div class=\"elementor-element elementor-element-499f8e8c elementor-widget elementor-widget-text-editor\" data-id=\"499f8e8c\" data-element_type=\"widget\" data-e-type=\"widget\" data-widget_type=\"text-editor.default\">\n\t\t\t\t<div class=\"elementor-widget-container\">\n\t\t\t\t\t\t\t\t\t<p>Pro situace, kter\u00e9 vy\u017eaduj\u00ed hlub\u0161\u00ed reflexi, p\u0159\u00edmou zp\u011btnou vazbu a pr\u00e1ci s opakuj\u00edc\u00edmi se vzorci v rozhodov\u00e1n\u00ed, komunikaci a vztaz\u00edch.<\/p><p>Spolupr\u00e1ce vych\u00e1z\u00ed z konkr\u00e9tn\u00ed reality, ne z p\u0159edem dan\u00e9ho programu.<\/p><p>M\u016f\u017ee b\u00fdt kr\u00e1tkodob\u00e1, pro orientaci v jedn\u00e9 situaci nebo del\u0161\u00ed, pokud d\u00e1v\u00e1 smysl pracovat se vzorci v \u010dase.<\/p><p>Je ur\u010dena lidem, kte\u0159\u00ed necht\u011bj\u00ed jen podporu, ale i p\u0159esn\u011bj\u0161\u00ed pohled na to, co se v jejich situaci skute\u010dn\u011b d\u011bje.<\/p>\t\t\t\t\t\t\t\t<\/div>\n\t\t\t\t<\/div>\n\t\t\t\t<div class=\"elementor-element elementor-element-7b80ae3e elementor-widget elementor-widget-heading\" data-id=\"7b80ae3e\" data-element_type=\"widget\" data-e-type=\"widget\" data-widget_type=\"heading.default\">\n\t\t\t\t<div class=\"elementor-widget-container\">\n\t\t\t\t\t<h3 class=\"elementor-heading-title elementor-size-default\">Rozsah a forma spolupr\u00e1ce se nastavuj\u00ed individu\u00e1ln\u011b<\/h3>\t\t\t\t<\/div>\n\t\t\t\t<\/div>\n\t\t\t\t<div class=\"elementor-element elementor-element-18972559 elementor-align-justify elementor-widget elementor-widget-button\" data-id=\"18972559\" data-element_type=\"widget\" data-e-type=\"widget\" data-widget_type=\"button.default\">\n\t\t\t\t<div class=\"elementor-widget-container\">\n\t\t\t\t\t\t\t\t\t<div class=\"elementor-button-wrapper\">\n\t\t\t\t\t<a class=\"elementor-button elementor-button-link elementor-size-sm\" href=\"https:\/\/www.martinaocadlikova.cz\/en\/kontakt\/\">\n\t\t\t\t\t\t<span class=\"elementor-button-content-wrapper\">\n\t\t\t\t\t\t\t\t\t<span class=\"elementor-button-text\">Kontakt<\/span>\n\t\t\t\t\t<\/span>\n\t\t\t\t\t<\/a>\n\t\t\t\t<\/div>\n\t\t\t\t\t\t\t\t<\/div>\n\t\t\t\t<\/div>\n\t\t\t\t<\/div>\n\t\t\t\t<\/div>\n\t\t<div class=\"elementor-element elementor-element-241f1f65 e-con-full e-flex e-con e-child\" data-id=\"241f1f65\" data-element_type=\"container\" data-e-type=\"container\">\n\t\t\t\t<div class=\"elementor-element elementor-element-3bf4eeb4 elementor-widget elementor-widget-heading\" data-id=\"3bf4eeb4\" data-element_type=\"widget\" data-e-type=\"widget\" data-widget_type=\"heading.default\">\n\t\t\t\t<div class=\"elementor-widget-container\">\n\t\t\t\t\t<h2 class=\"elementor-heading-title elementor-size-default\">Individu\u00e1ln\u00ed spolupr\u00e1ce: veden\u00ed a rozvoj<\/h2>\t\t\t\t<\/div>\n\t\t\t\t<\/div>\n\t\t\t\t<div class=\"elementor-element elementor-element-9f07f6e elementor-widget elementor-widget-text-editor\" data-id=\"9f07f6e\" data-element_type=\"widget\" data-e-type=\"widget\" data-widget_type=\"text-editor.default\">\n\t\t\t\t<div class=\"elementor-widget-container\">\n\t\t\t\t\t\t\t\t\t<p>Nejde o obecn\u00e9 poradenstv\u00ed. Je to pr\u00e1ce s opakuj\u00edc\u00edmi se vzorci v rozhodov\u00e1n\u00ed, komunikaci a vztaz\u00edch, kter\u00e9 nemus\u00ed b\u00fdt na prvn\u00ed pohled vid\u011bt, ale ovliv\u0148uj\u00ed dal\u0161\u00ed kroky.<\/p><p>Je ur\u010dena lidem, kte\u0159\u00ed nehledaj\u00ed jen podporu, ale i p\u0159esn\u011bj\u0161\u00ed pohled na situace, ve kter\u00fdch se pot\u0159ebuj\u00ed zorientovat.<\/p><p>Spole\u010dn\u011b rozeb\u00edr\u00e1me momenty, kde se n\u011bco zasek\u00e1v\u00e1, opakuje nebo vytv\u00e1\u0159\u00ed tlak, a hled\u00e1me zp\u016fsoby, jak v nich reagovat jinak.<\/p>\t\t\t\t\t\t\t\t<\/div>\n\t\t\t\t<\/div>\n\t\t\t\t<div class=\"elementor-element elementor-element-7d7eba1 elementor-widget elementor-widget-heading\" data-id=\"7d7eba1\" data-element_type=\"widget\" data-e-type=\"widget\" data-widget_type=\"heading.default\">\n\t\t\t\t<div class=\"elementor-widget-container\">\n\t\t\t\t\t<h2 class=\"elementor-heading-title elementor-size-default\">Pro koho je spolupr\u00e1ce vhodn\u00e1<\/h2>\t\t\t\t<\/div>\n\t\t\t\t<\/div>\n\t\t\t\t<div class=\"elementor-element elementor-element-2819035 elementor-widget elementor-widget-text-editor\" data-id=\"2819035\" data-element_type=\"widget\" data-e-type=\"widget\" data-widget_type=\"text-editor.default\">\n\t\t\t\t<div class=\"elementor-widget-container\">\n\t\t\t\t\t\t\t\t\t<p>Pro lidi, kte\u0159\u00ed cht\u011bj\u00ed p\u0159em\u00fd\u0161let a jednat s v\u011bt\u0161\u00ed p\u0159esnost\u00ed:<\/p><ul><li>jednotlivci hledaj\u00edc\u00ed sm\u011br nebo jasnost<\/li><li>profesion\u00e1lov\u00e9 posiluj\u00edc\u00ed rozhodov\u00e1n\u00ed a komunikaci<\/li><li>l\u00edd\u0159i a mana\u017ee\u0159i pracuj\u00edc\u00ed pod tlakem<\/li><li>studenti a mlad\u00ed lid\u00e9 \u0159e\u0161\u00edc\u00ed d\u016fle\u017eit\u00e1 rozhodnut\u00ed<\/li><li>kdokoli, kdo pot\u0159ebuje nov\u00fd pohled na situace, kter\u00e9 se opakuj\u00ed<\/li><\/ul>\t\t\t\t\t\t\t\t<\/div>\n\t\t\t\t<\/div>\n\t\t\t\t<div class=\"elementor-element elementor-element-5f9bf1ea elementor-widget__width-auto elementor-absolute elementor-widget elementor-widget-image\" data-id=\"5f9bf1ea\" data-element_type=\"widget\" data-e-type=\"widget\" data-settings=\"{&quot;_position&quot;:&quot;absolute&quot;}\" data-widget_type=\"image.default\">\n\t\t\t\t<div class=\"elementor-widget-container\">\n\t\t\t\t\t\t\t\t\t\t\t\t\t\t\t<img fetchpriority=\"high\" decoding=\"async\" width=\"176\" height=\"518\" src=\"https:\/\/www.martinaocadlikova.cz\/wp-content\/uploads\/2024\/10\/Vector.png\" class=\"attachment-full size-full wp-image-27542\" alt=\"\" srcset=\"https:\/\/www.martinaocadlikova.cz\/wp-content\/uploads\/2024\/10\/Vector.png 176w, https:\/\/www.martinaocadlikova.cz\/wp-content\/uploads\/2024\/10\/Vector-102x300.png 102w\" sizes=\"(max-width: 176px) 100vw, 176px\" \/>\t\t\t\t\t\t\t\t\t\t\t\t\t\t\t<\/div>\n\t\t\t\t<\/div>\n\t\t\t\t<\/div>\n\t\t\t\t\t<\/div>\n\t\t\t\t<\/div>\n\t\t<div class=\"elementor-element elementor-element-72936b72 e-flex e-con-boxed e-con e-parent\" data-id=\"72936b72\" data-element_type=\"container\" data-e-type=\"container\">\n\t\t\t\t\t<div class=\"e-con-inner\">\n\t\t<div class=\"elementor-element elementor-element-30e9bb23 e-con-full e-flex elementor-invisible e-con e-child\" data-id=\"30e9bb23\" data-element_type=\"container\" data-e-type=\"container\" data-settings=\"{&quot;animation&quot;:&quot;fadeInLeft&quot;}\">\n\t\t\t\t<div class=\"elementor-element elementor-element-2c9a2911 elementor-widget elementor-widget-heading\" data-id=\"2c9a2911\" data-element_type=\"widget\" data-e-type=\"widget\" data-widget_type=\"heading.default\">\n\t\t\t\t<div class=\"elementor-widget-container\">\n\t\t\t\t\t<h4 class=\"elementor-heading-title elementor-size-default\">Va\u0161e cesta k jasnosti a posunu<\/h4>\t\t\t\t<\/div>\n\t\t\t\t<\/div>\n\t\t\t\t<div class=\"elementor-element elementor-element-517b816c elementor-widget elementor-widget-text-editor\" data-id=\"517b816c\" data-element_type=\"widget\" data-e-type=\"widget\" data-widget_type=\"text-editor.default\">\n\t\t\t\t<div class=\"elementor-widget-container\">\n\t\t\t\t\t\t\t\t\t<p><strong>Jak spolupr\u00e1ce prob\u00edh\u00e1?<\/strong><\/p><ul><li>individu\u00e1ln\u00ed setk\u00e1n\u00ed (online nebo osobn\u011b) podle va\u0161ich c\u00edl\u016f<\/li><li>kombinace zku\u0161enosti a kou\u010dovac\u00edch metod<\/li><li>p\u0159\u00edm\u00e1 zp\u011btn\u00e1 vazba a strukturovan\u00e1 reflexe<\/li><li>kr\u00e1tkodob\u00e1 i dlouhodob\u00e1 spolupr\u00e1ce<\/li><\/ul><p><strong>Co v\u00e1m spolupr\u00e1ce p\u0159inese?<\/strong><\/p><ul><li>v\u011bt\u0161\u00ed jasnost v osobn\u00edch i profesn\u00edch rozhodnut\u00edch<\/li><li>konkr\u00e9tn\u00ed n\u00e1stroje pro pr\u00e1ci s tlakem<\/li><li>stabiln\u011bj\u0161\u00ed komunikaci a rozhodov\u00e1n\u00ed<\/li><li>oporu p\u0159i zm\u011bn\u00e1ch a d\u016fle\u017eit\u00fdch kroc\u00edch<\/li><\/ul><p>Pokud m\u00e1te pocit, \u017ee by pro v\u00e1s tento typ spolupr\u00e1ce mohl b\u00fdt u\u017eite\u010dn\u00fd, m\u016f\u017eete si domluvit <a style=\"color: #d39b68;\" href=\"https:\/\/www.martinaocadlikova.cz\/cs\/kontakt\/\">\u00favodn\u00ed konzultaci<\/a> a spole\u010dn\u011b zjist\u00edme, zda je pro va\u0161i situaci vhodn\u00fd.<\/p>\t\t\t\t\t\t\t\t<\/div>\n\t\t\t\t<\/div>\n\t\t\t\t<\/div>\n\t\t<div class=\"elementor-element elementor-element-22d01c02 e-con-full e-flex elementor-invisible e-con e-child\" data-id=\"22d01c02\" data-element_type=\"container\" data-e-type=\"container\" data-settings=\"{&quot;animation&quot;:&quot;fadeInRight&quot;}\">\n\t\t\t\t<div class=\"elementor-element elementor-element-6332b0cc elementor-widget__width-initial elementor-widget-tablet__width-auto elementor-widget elementor-widget-image\" data-id=\"6332b0cc\" data-element_type=\"widget\" data-e-type=\"widget\" data-widget_type=\"image.default\">\n\t\t\t\t<div class=\"elementor-widget-container\">\n\t\t\t\t\t\t\t\t\t\t\t\t\t\t\t<img decoding=\"async\" width=\"321\" height=\"376\" src=\"https:\/\/www.martinaocadlikova.cz\/wp-content\/uploads\/2024\/10\/smart-good-looking-creative-young-brunette-girl-giving-advice-pointing-upper-left-corner-suggest-promo-smiling-pleased-approve-some-product-standing-white-background-1-1.png\" class=\"attachment-full size-full wp-image-28074\" alt=\"\" srcset=\"https:\/\/www.martinaocadlikova.cz\/wp-content\/uploads\/2024\/10\/smart-good-looking-creative-young-brunette-girl-giving-advice-pointing-upper-left-corner-suggest-promo-smiling-pleased-approve-some-product-standing-white-background-1-1.png 321w, https:\/\/www.martinaocadlikova.cz\/wp-content\/uploads\/2024\/10\/smart-good-looking-creative-young-brunette-girl-giving-advice-pointing-upper-left-corner-suggest-promo-smiling-pleased-approve-some-product-standing-white-background-1-1-256x300.png 256w\" sizes=\"(max-width: 321px) 100vw, 321px\" \/>\t\t\t\t\t\t\t\t\t\t\t\t\t\t\t<\/div>\n\t\t\t\t<\/div>\n\t\t\t\t<div class=\"elementor-element elementor-element-6fc17964 elementor-widget__width-initial elementor-widget-tablet__width-auto elementor-widget elementor-widget-image\" data-id=\"6fc17964\" data-element_type=\"widget\" data-e-type=\"widget\" data-widget_type=\"image.default\">\n\t\t\t\t<div class=\"elementor-widget-container\">\n\t\t\t\t\t\t\t\t\t\t\t\t\t\t\t<img decoding=\"async\" width=\"321\" height=\"321\" src=\"https:\/\/www.martinaocadlikova.cz\/wp-content\/uploads\/2024\/10\/image-4.png\" class=\"attachment-full size-full wp-image-27396\" alt=\"\" srcset=\"https:\/\/www.martinaocadlikova.cz\/wp-content\/uploads\/2024\/10\/image-4.png 321w, https:\/\/www.martinaocadlikova.cz\/wp-content\/uploads\/2024\/10\/image-4-300x300.png 300w, https:\/\/www.martinaocadlikova.cz\/wp-content\/uploads\/2024\/10\/image-4-100x100.png 100w, https:\/\/www.martinaocadlikova.cz\/wp-content\/uploads\/2024\/10\/image-4-150x150.png 150w\" sizes=\"(max-width: 321px) 100vw, 321px\" \/>\t\t\t\t\t\t\t\t\t\t\t\t\t\t\t<\/div>\n\t\t\t\t<\/div>\n\t\t\t\t<\/div>\n\t\t\t\t\t<\/div>\n\t\t\t\t<\/div>\n\t\t\t\t<\/div>\n\t\t","protected":false},"excerpt":{"rendered":"<p>Individu\u00e1ln\u00ed spolupr\u00e1ce &#8211; jasnost, rozhodov\u00e1n\u00ed a r\u016fst Individu\u00e1ln\u00ed spolupr\u00e1ce zam\u011b\u0159en\u00e1 na konkr\u00e9tn\u00ed situace, rozhodov\u00e1n\u00ed a vztahov\u00e9 \u010di komunika\u010dn\u00ed dynamiky. Pracujeme s t\u00edm, co se skute\u010dn\u011b d\u011bje, co se opakuje a kde vznik\u00e1 tlak nebo nejasnost. Individu\u00e1ln\u00ed spolupr\u00e1ce Pro situace, kter\u00e9 vy\u017eaduj\u00ed hlub\u0161\u00ed reflexi, p\u0159\u00edmou zp\u011btnou vazbu a pr\u00e1ci s opakuj\u00edc\u00edmi se vzorci v rozhodov\u00e1n\u00ed, komunikaci [&hellip;]<\/p>\n","protected":false},"author":1,"featured_media":0,"parent":0,"menu_order":0,"comment_status":"closed","ping_status":"closed","template":"","meta":{"site-sidebar-layout":"no-sidebar","site-content-layout":"page-builder","ast-site-content-layout":"full-width-container","site-content-style":"default","site-sidebar-style":"default","ast-global-header-display":"","ast-banner-title-visibility":"","ast-main-header-display":"","ast-hfb-above-header-display":"","ast-hfb-below-header-display":"","ast-hfb-mobile-header-display":"","site-post-title":"disabled","ast-breadcrumbs-content":"","ast-featured-img":"disabled","footer-sml-layout":"","ast-disable-related-posts":"","theme-transparent-header-meta":"default","adv-header-id-meta":"","stick-header-meta":"","header-above-stick-meta":"","header-main-stick-meta":"","header-below-stick-meta":"","astra-migrate-meta-layouts":"set","ast-page-background-enabled":"default","ast-page-background-meta":{"desktop":{"background-color":"","background-image":"","background-repeat":"repeat","background-position":"center center","background-size":"auto","background-attachment":"scroll","background-type":"","background-media":"","overlay-type":"","overlay-color":"","overlay-opacity":"","overlay-gradient":""},"tablet":{"background-color":"","background-image":"","background-repeat":"repeat","background-position":"center center","background-size":"auto","background-attachment":"scroll","background-type":"","background-media":"","overlay-type":"","overlay-color":"","overlay-opacity":"","overlay-gradient":""},"mobile":{"background-color":"","background-image":"","background-repeat":"repeat","background-position":"center center","background-size":"auto","background-attachment":"scroll","background-type":"","background-media":"","overlay-type":"","overlay-color":"","overlay-opacity":"","overlay-gradient":""}},"ast-content-background-meta":{"desktop":{"background-color":"var(--ast-global-color-5)","background-image":"","background-repeat":"repeat","background-position":"center center","background-size":"auto","background-attachment":"scroll","background-type":"","background-media":"","overlay-type":"","overlay-color":"","overlay-opacity":"","overlay-gradient":""},"tablet":{"background-color":"var(--ast-global-color-5)","background-image":"","background-repeat":"repeat","background-position":"center center","background-size":"auto","background-attachment":"scroll","background-type":"","background-media":"","overlay-type":"","overlay-color":"","overlay-opacity":"","overlay-gradient":""},"mobile":{"background-color":"var(--ast-global-color-5)","background-image":"","background-repeat":"repeat","background-position":"center center","background-size":"auto","background-attachment":"scroll","background-type":"","background-media":"","overlay-type":"","overlay-color":"","overlay-opacity":"","overlay-gradient":""}},"footnotes":""},"class_list":["post-27449","page","type-page","status-publish","hentry"],"_links":{"self":[{"href":"https:\/\/www.martinaocadlikova.cz\/en\/wp-json\/wp\/v2\/pages\/27449","targetHints":{"allow":["GET"]}}],"collection":[{"href":"https:\/\/www.martinaocadlikova.cz\/en\/wp-json\/wp\/v2\/pages"}],"about":[{"href":"https:\/\/www.martinaocadlikova.cz\/en\/wp-json\/wp\/v2\/types\/page"}],"author":[{"embeddable":true,"href":"https:\/\/www.martinaocadlikova.cz\/en\/wp-json\/wp\/v2\/users\/1"}],"replies":[{"embeddable":true,"href":"https:\/\/www.martinaocadlikova.cz\/en\/wp-json\/wp\/v2\/comments?post=27449"}],"version-history":[{"count":35,"href":"https:\/\/www.martinaocadlikova.cz\/en\/wp-json\/wp\/v2\/pages\/27449\/revisions"}],"predecessor-version":[{"id":32400,"href":"https:\/\/www.martinaocadlikova.cz\/en\/wp-json\/wp\/v2\/pages\/27449\/revisions\/32400"}],"wp:attachment":[{"href":"https:\/\/www.martinaocadlikova.cz\/en\/wp-json\/wp\/v2\/media?parent=27449"}],"curies":[{"name":"wp","href":"https:\/\/api.w.org\/{rel}","templated":true}]}}