{"id":31604,"date":"2025-03-25T12:37:05","date_gmt":"2025-03-25T11:37:05","guid":{"rendered":"https:\/\/www.martinaocadlikova.cz\/?page_id=31604"},"modified":"2026-02-25T18:02:58","modified_gmt":"2026-02-25T17:02:58","slug":"business-education-collaboration","status":"publish","type":"page","link":"https:\/\/www.martinaocadlikova.cz\/en\/spoluprace-firmy-a-skoly\/","title":{"rendered":"Company and School collaboration"},"content":{"rendered":"\t\t<div data-elementor-type=\"wp-page\" data-elementor-id=\"31604\" class=\"elementor elementor-31604\" data-elementor-post-type=\"page\">\n\t\t\t\t<div class=\"elementor-element elementor-element-44da1aef e-flex e-con-boxed e-con e-parent\" data-id=\"44da1aef\" data-element_type=\"container\" data-e-type=\"container\" data-settings=\"{&quot;background_background&quot;:&quot;classic&quot;,&quot;background_motion_fx_motion_fx_scrolling&quot;:&quot;yes&quot;,&quot;background_motion_fx_devices&quot;:[&quot;widescreen&quot;,&quot;desktop&quot;,&quot;laptop&quot;,&quot;tablet_extra&quot;,&quot;tablet&quot;,&quot;mobile&quot;]}\">\n\t\t\t\t\t<div class=\"e-con-inner\">\n\t\t\t\t<div class=\"elementor-element elementor-element-6b5ddcf0 elementor-widget elementor-widget-spacer\" data-id=\"6b5ddcf0\" data-element_type=\"widget\" data-e-type=\"widget\" data-widget_type=\"spacer.default\">\n\t\t\t\t<div class=\"elementor-widget-container\">\n\t\t\t\t\t\t\t<div class=\"elementor-spacer\">\n\t\t\t<div class=\"elementor-spacer-inner\"><\/div>\n\t\t<\/div>\n\t\t\t\t\t\t<\/div>\n\t\t\t\t<\/div>\n\t\t\t\t\t<\/div>\n\t\t\t\t<\/div>\n\t\t<div class=\"elementor-element elementor-element-72d4cbcf e-flex e-con-boxed e-con e-parent\" data-id=\"72d4cbcf\" data-element_type=\"container\" data-e-type=\"container\">\n\t\t\t\t\t<div class=\"e-con-inner\">\n\t\t<div class=\"elementor-element elementor-element-4d024ad0 e-con-full coachingBoxBanner e-flex elementor-invisible e-con e-child\" data-id=\"4d024ad0\" data-element_type=\"container\" data-e-type=\"container\" data-settings=\"{&quot;background_background&quot;:&quot;classic&quot;,&quot;position&quot;:&quot;absolute&quot;,&quot;animation&quot;:&quot;fadeInUp&quot;}\">\n\t\t\t\t<div class=\"elementor-element elementor-element-f34d136 elementor-widget elementor-widget-heading\" data-id=\"f34d136\" data-element_type=\"widget\" data-e-type=\"widget\" data-widget_type=\"heading.default\">\n\t\t\t\t<div class=\"elementor-widget-container\">\n\t\t\t\t\t<h2 class=\"elementor-heading-title elementor-size-default\">Spolupr\u00e1ce pro \u0161koly a organizace: jasnost v rozhodov\u00e1n\u00ed, komunikaci a veden\u00ed<\/h2>\t\t\t\t<\/div>\n\t\t\t\t<\/div>\n\t\t\t\t<div class=\"elementor-element elementor-element-ded3d5a elementor-widget elementor-widget-heading\" data-id=\"ded3d5a\" data-element_type=\"widget\" data-e-type=\"widget\" data-widget_type=\"heading.default\">\n\t\t\t\t<div class=\"elementor-widget-container\">\n\t\t\t\t\t<h2 class=\"elementor-heading-title elementor-size-default\">Rozhodov\u00e1n\u00ed <strong>pod tlakem, veden\u00ed lid\u00ed, n\u00e1ro\u010dn\u00e1 komunikace a opakuj\u00edc\u00ed se dynamiky<\/strong> v t\u00fdmech nebo t\u0159\u00edd\u00e1ch. Nejde o obecnou motivaci ani teoretick\u00e9 modely. Pracujeme s t\u00edm, co se ve firm\u011b nebo \u0161kole skute\u010dn\u011b d\u011bje, co se opakuje a kde vznik\u00e1 zbyte\u010dn\u00fd tlak, nejasnost nebo ztr\u00e1ta vlivu. C\u00edlem je p\u0159esn\u011bj\u0161\u00ed orientace v situac\u00edch a schopnost jednat v nich v\u011bdom\u011bji a stabiln\u011bji.<\/h2>\t\t\t\t<\/div>\n\t\t\t\t<\/div>\n\t\t\t\t<\/div>\n\t\t\t\t\t<\/div>\n\t\t\t\t<\/div>\n\t\t<div class=\"elementor-element elementor-element-54166556 e-flex e-con-boxed elementor-invisible e-con e-parent\" data-id=\"54166556\" data-element_type=\"container\" data-e-type=\"container\" data-settings=\"{&quot;background_background&quot;:&quot;classic&quot;,&quot;animation&quot;:&quot;fadeInUp&quot;}\">\n\t\t\t\t\t<div class=\"e-con-inner\">\n\t\t<div class=\"elementor-element elementor-element-241f1f65 e-con-full e-flex e-con e-child\" data-id=\"241f1f65\" data-element_type=\"container\" data-e-type=\"container\">\n\t\t\t\t<div class=\"elementor-element elementor-element-3bf4eeb4 elementor-widget elementor-widget-heading\" data-id=\"3bf4eeb4\" data-element_type=\"widget\" data-e-type=\"widget\" data-widget_type=\"heading.default\">\n\t\t\t\t<div class=\"elementor-widget-container\">\n\t\t\t\t\t<h2 class=\"elementor-heading-title elementor-size-default\"><strong>Pro firmy &amp; podnikatele:<\/strong>\n<\/h2>\t\t\t\t<\/div>\n\t\t\t\t<\/div>\n\t\t\t\t<div class=\"elementor-element elementor-element-77d6f3d elementor-widget elementor-widget-text-editor\" data-id=\"77d6f3d\" data-element_type=\"widget\" data-e-type=\"widget\" data-widget_type=\"text-editor.default\">\n\t\t\t\t<div class=\"elementor-widget-container\">\n\t\t\t\t\t\t\t\t\t<ul style=\"color: white;\"><li>Individu\u00e1ln\u00ed spolupr\u00e1ce s l\u00eddry a mana\u017eery<\/li><li>Podpora p\u0159i rozhodov\u00e1n\u00ed a veden\u00ed pod tlakem<\/li><li>Pr\u00e1ce s n\u00e1ro\u010dnou komunikac\u00ed a vztahovou dynamikou v t\u00fdmu<\/li><li>Workshopy zam\u011b\u0159en\u00e9 na konkr\u00e9tn\u00ed situace z praxe<\/li><li>Reflexe opakuj\u00edc\u00edch se vzorc\u016f, kter\u00e9 brzd\u00ed spolupr\u00e1ci a v\u00fdkon<\/li><\/ul>\t\t\t\t\t\t\t\t<\/div>\n\t\t\t\t<\/div>\n\t\t\t\t<div class=\"elementor-element elementor-element-bbf888e elementor-widget elementor-widget-heading\" data-id=\"bbf888e\" data-element_type=\"widget\" data-e-type=\"widget\" data-widget_type=\"heading.default\">\n\t\t\t\t<div class=\"elementor-widget-container\">\n\t\t\t\t\t<p class=\"elementor-heading-title elementor-size-default\"><strong>Jak to m\u016f\u017ee fungovat?<\/strong><\/p>\t\t\t\t<\/div>\n\t\t\t\t<\/div>\n\t\t\t\t<div class=\"elementor-element elementor-element-82b3b8e elementor-widget elementor-widget-text-editor\" data-id=\"82b3b8e\" data-element_type=\"widget\" data-e-type=\"widget\" data-widget_type=\"text-editor.default\">\n\t\t\t\t<div class=\"elementor-widget-container\">\n\t\t\t\t\t\t\t\t\t<ul><li>Pravideln\u00e1 p\u0159\u00edtomnost ve firm\u011b (nap\u0159. 1\u00d7 t\u00fddn\u011b \/ m\u011bs\u00ed\u010dn\u011b)<\/li><li>Individu\u00e1ln\u00ed setk\u00e1n\u00ed se zam\u011bstnanci nebo veden\u00edm<\/li><li>T\u00e9matick\u00e9 workshopy na m\u00edru<\/li><li>Dlouhodob\u00e1 podpora veden\u00ed p\u0159i zm\u011bn\u00e1ch a n\u00e1ro\u010dn\u00fdch obdob\u00edch<\/li><\/ul><p><strong>Cena:<\/strong> Individu\u00e1ln\u011b podle rozsahu spolupr\u00e1ce.<\/p>\t\t\t\t\t\t\t\t<\/div>\n\t\t\t\t<\/div>\n\t\t\t\t<\/div>\n\t\t<div class=\"elementor-element elementor-element-7ff18e6 e-con-full e-flex e-con e-child\" data-id=\"7ff18e6\" data-element_type=\"container\" data-e-type=\"container\">\n\t\t\t\t<div class=\"elementor-element elementor-element-88464b0 elementor-widget elementor-widget-heading\" data-id=\"88464b0\" data-element_type=\"widget\" data-e-type=\"widget\" data-widget_type=\"heading.default\">\n\t\t\t\t<div class=\"elementor-widget-container\">\n\t\t\t\t\t<h2 class=\"elementor-heading-title elementor-size-default\"><strong>Pro \u0161koly a organizace<\/strong><\/h2>\t\t\t\t<\/div>\n\t\t\t\t<\/div>\n\t\t\t\t<div class=\"elementor-element elementor-element-adcc6a2 elementor-widget elementor-widget-text-editor\" data-id=\"adcc6a2\" data-element_type=\"widget\" data-e-type=\"widget\" data-widget_type=\"text-editor.default\">\n\t\t\t\t<div class=\"elementor-widget-container\">\n\t\t\t\t\t\t\t\t\t<ul><li>Individu\u00e1ln\u00ed spolupr\u00e1ce se studenty<\/li><li>Podpora pro pedagogy a veden\u00ed \u0161koly<\/li><li>Workshopy k t\u00e9mat\u016fm: vztahy, komunikace, tlak, rozhodov\u00e1n\u00ed<\/li><li>Pr\u00e1ce s dynamikou t\u0159\u00eddy a n\u00e1ro\u010dn\u00fdmi situacemi<\/li><li>Prostor pro rodi\u010de, setk\u00e1n\u00ed zam\u011b\u0159en\u00e1 na porozum\u011bn\u00ed situac\u00edm d\u011bt\u00ed<\/li><\/ul>\t\t\t\t\t\t\t\t<\/div>\n\t\t\t\t<\/div>\n\t\t\t\t<div class=\"elementor-element elementor-element-0884d65 elementor-widget elementor-widget-heading\" data-id=\"0884d65\" data-element_type=\"widget\" data-e-type=\"widget\" data-widget_type=\"heading.default\">\n\t\t\t\t<div class=\"elementor-widget-container\">\n\t\t\t\t\t<p class=\"elementor-heading-title elementor-size-default\"><strong>Jak to m\u016f\u017ee fungovat?<\/strong><\/p>\t\t\t\t<\/div>\n\t\t\t\t<\/div>\n\t\t\t\t<div class=\"elementor-element elementor-element-e776035 elementor-widget elementor-widget-text-editor\" data-id=\"e776035\" data-element_type=\"widget\" data-e-type=\"widget\" data-widget_type=\"text-editor.default\">\n\t\t\t\t<div class=\"elementor-widget-container\">\n\t\t\t\t\t\t\t\t\t<ul><li>Pravideln\u00e1 p\u0159\u00edtomnost ve \u0161kole<\/li><li>Mo\u017enost individu\u00e1ln\u00edch setk\u00e1n\u00ed mimo \u0161kolu<\/li><li>Interaktivn\u00ed workshopy a diskusn\u00ed setk\u00e1n\u00ed<\/li><li>Dlouhodob\u00e1 spolupr\u00e1ce podle pot\u0159eb organizace<\/li><\/ul><p><strong>Cena:<\/strong> Individu\u00e1ln\u011b dle rozsahu.<\/p>\t\t\t\t\t\t\t\t<\/div>\n\t\t\t\t<\/div>\n\t\t\t\t<div class=\"elementor-element elementor-element-c0eaa88 elementor-widget__width-auto elementor-absolute elementor-widget elementor-widget-image\" data-id=\"c0eaa88\" data-element_type=\"widget\" data-e-type=\"widget\" data-settings=\"{&quot;_position&quot;:&quot;absolute&quot;}\" data-widget_type=\"image.default\">\n\t\t\t\t<div class=\"elementor-widget-container\">\n\t\t\t\t\t\t\t\t\t\t\t\t\t\t\t<img fetchpriority=\"high\" decoding=\"async\" width=\"176\" height=\"518\" src=\"https:\/\/www.martinaocadlikova.cz\/wp-content\/uploads\/2024\/10\/Vector.png\" class=\"attachment-full size-full wp-image-27542\" alt=\"\" srcset=\"https:\/\/www.martinaocadlikova.cz\/wp-content\/uploads\/2024\/10\/Vector.png 176w, https:\/\/www.martinaocadlikova.cz\/wp-content\/uploads\/2024\/10\/Vector-102x300.png 102w\" sizes=\"(max-width: 176px) 100vw, 176px\" \/>\t\t\t\t\t\t\t\t\t\t\t\t\t\t\t<\/div>\n\t\t\t\t<\/div>\n\t\t\t\t<\/div>\n\t\t\t\t\t<\/div>\n\t\t\t\t<\/div>\n\t\t<div class=\"elementor-element elementor-element-72936b72 e-flex e-con-boxed e-con e-parent\" data-id=\"72936b72\" data-element_type=\"container\" data-e-type=\"container\" data-settings=\"{&quot;background_background&quot;:&quot;classic&quot;}\">\n\t\t\t\t\t<div class=\"e-con-inner\">\n\t\t<div class=\"elementor-element elementor-element-30e9bb23 e-con-full e-flex elementor-invisible e-con e-child\" data-id=\"30e9bb23\" data-element_type=\"container\" data-e-type=\"container\" data-settings=\"{&quot;animation&quot;:&quot;fadeInLeft&quot;}\">\n\t\t\t\t<div class=\"elementor-element elementor-element-2c9a2911 elementor-widget elementor-widget-heading\" data-id=\"2c9a2911\" data-element_type=\"widget\" data-e-type=\"widget\" data-widget_type=\"heading.default\">\n\t\t\t\t<div class=\"elementor-widget-container\">\n\t\t\t\t\t<h4 class=\"elementor-heading-title elementor-size-default\">Dostupnost slu\u017eeb<\/h4>\t\t\t\t<\/div>\n\t\t\t\t<\/div>\n\t\t\t\t<div class=\"elementor-element elementor-element-dfd9c52 elementor-widget elementor-widget-text-editor\" data-id=\"dfd9c52\" data-element_type=\"widget\" data-e-type=\"widget\" data-widget_type=\"text-editor.default\">\n\t\t\t\t<div class=\"elementor-widget-container\">\n\t\t\t\t\t\t\t\t\t<p><strong>Chci, aby pomoc byla dostupn\u00e1 pro ka\u017ed\u00e9ho, kdo ji opravdu pot\u0159ebuje.<\/strong><\/p>\t\t\t\t\t\t\t\t<\/div>\n\t\t\t\t<\/div>\n\t\t\t\t<div class=\"elementor-element elementor-element-517b816c elementor-widget elementor-widget-text-editor\" data-id=\"517b816c\" data-element_type=\"widget\" data-e-type=\"widget\" data-widget_type=\"text-editor.default\">\n\t\t\t\t<div class=\"elementor-widget-container\">\n\t\t\t\t\t\t\t\t\t<p>V\u00edm, \u017ee \u017eivot m\u016f\u017ee p\u0159in\u00e9st situace, kdy \u010dlov\u011bk pot\u0159ebuje podporu, ale jeho finan\u010dn\u00ed mo\u017enosti mu to neumo\u017en\u00ed. Proto si ka\u017ed\u00fd m\u011bs\u00edc vyhrazuji omezen\u00fd po\u010det m\u00edst pro klienty, kte\u0159\u00ed jsou v t\u011b\u017ek\u00e9 \u017dIVOTN\u00cd NEBO FINAN\u010cN\u00cd situaci a kou\u010dink nebo mentoring by jim mohl pomoci.<\/p><p><strong>Kdo m\u016f\u017ee po\u017e\u00e1dat o podporu?<\/strong><\/p><ul><li>Studenti nebo mlad\u00ed lid\u00e9 na za\u010d\u00e1tku kari\u00e9ry<\/li><li>Samo\u017eivitelky a rodi\u010de v n\u00e1ro\u010dn\u00e9 situaci<\/li><li>Lidi, kte\u0159\u00ed proch\u00e1zej\u00ed t\u011b\u017ek\u00fdm obdob\u00edm a pot\u0159ebuj\u00ed podporu<\/li><\/ul><p><strong>Jak to funguje?<\/strong><\/p><p>Sta\u010d\u00ed mi napsat <strong>kr\u00e1tkou zpr\u00e1vu<\/strong>, ve kter\u00e9 pop\u00ed\u0161ete svou situaci a co od setk\u00e1n\u00ed o\u010dek\u00e1v\u00e1te. Pokud budu m\u00edt v dan\u00e9m m\u011bs\u00edci volnou kapacitu, r\u00e1da s v\u00e1mi budu pracovat za sn\u00ed\u017eenou cenu nebo formou jin\u00e9 dohody.<\/p><p><strong>Chcete po\u017e\u00e1dat o tuto mo\u017enost?<\/strong> Kontaktujte m\u011b na <a href=\"mailto:coach@martinaocadlikova.cz\"><strong>e-mailu<\/strong><\/a> nebo <a href=\"https:\/\/www.martinaocadlikova.cz\/cs\/kontakt\/\">vypln\u011bn\u00edm formul\u00e1\u0159e<\/a>.<\/p>\t\t\t\t\t\t\t\t<\/div>\n\t\t\t\t<\/div>\n\t\t\t\t<\/div>\n\t\t\t\t\t<\/div>\n\t\t\t\t<\/div>\n\t\t\t\t<\/div>\n\t\t","protected":false},"excerpt":{"rendered":"<p>Spolupr\u00e1ce pro \u0161koly a organizace: jasnost v rozhodov\u00e1n\u00ed, komunikaci a veden\u00ed Rozhodov\u00e1n\u00ed pod tlakem, veden\u00ed lid\u00ed, n\u00e1ro\u010dn\u00e1 komunikace a opakuj\u00edc\u00ed se dynamiky v t\u00fdmech nebo t\u0159\u00edd\u00e1ch. Nejde o obecnou motivaci ani teoretick\u00e9 modely. Pracujeme s t\u00edm, co se ve firm\u011b nebo \u0161kole skute\u010dn\u011b d\u011bje, co se opakuje a kde vznik\u00e1 zbyte\u010dn\u00fd tlak, nejasnost nebo ztr\u00e1ta [&hellip;]<\/p>\n","protected":false},"author":2,"featured_media":0,"parent":0,"menu_order":0,"comment_status":"closed","ping_status":"closed","template":"","meta":{"site-sidebar-layout":"no-sidebar","site-content-layout":"page-builder","ast-site-content-layout":"full-width-container","site-content-style":"default","site-sidebar-style":"default","ast-global-header-display":"","ast-banner-title-visibility":"","ast-main-header-display":"","ast-hfb-above-header-display":"","ast-hfb-below-header-display":"","ast-hfb-mobile-header-display":"","site-post-title":"disabled","ast-breadcrumbs-content":"","ast-featured-img":"disabled","footer-sml-layout":"","ast-disable-related-posts":"","theme-transparent-header-meta":"default","adv-header-id-meta":"","stick-header-meta":"","header-above-stick-meta":"","header-main-stick-meta":"","header-below-stick-meta":"","astra-migrate-meta-layouts":"set","ast-page-background-enabled":"default","ast-page-background-meta":{"desktop":{"background-color":"","background-image":"","background-repeat":"repeat","background-position":"center center","background-size":"auto","background-attachment":"scroll","background-type":"","background-media":"","overlay-type":"","overlay-color":"","overlay-opacity":"","overlay-gradient":""},"tablet":{"background-color":"","background-image":"","background-repeat":"repeat","background-position":"center center","background-size":"auto","background-attachment":"scroll","background-type":"","background-media":"","overlay-type":"","overlay-color":"","overlay-opacity":"","overlay-gradient":""},"mobile":{"background-color":"","background-image":"","background-repeat":"repeat","background-position":"center center","background-size":"auto","background-attachment":"scroll","background-type":"","background-media":"","overlay-type":"","overlay-color":"","overlay-opacity":"","overlay-gradient":""}},"ast-content-background-meta":{"desktop":{"background-color":"var(--ast-global-color-5)","background-image":"","background-repeat":"repeat","background-position":"center center","background-size":"auto","background-attachment":"scroll","background-type":"","background-media":"","overlay-type":"","overlay-color":"","overlay-opacity":"","overlay-gradient":""},"tablet":{"background-color":"var(--ast-global-color-5)","background-image":"","background-repeat":"repeat","background-position":"center center","background-size":"auto","background-attachment":"scroll","background-type":"","background-media":"","overlay-type":"","overlay-color":"","overlay-opacity":"","overlay-gradient":""},"mobile":{"background-color":"var(--ast-global-color-5)","background-image":"","background-repeat":"repeat","background-position":"center center","background-size":"auto","background-attachment":"scroll","background-type":"","background-media":"","overlay-type":"","overlay-color":"","overlay-opacity":"","overlay-gradient":""}},"footnotes":""},"class_list":["post-31604","page","type-page","status-publish","hentry"],"_links":{"self":[{"href":"https:\/\/www.martinaocadlikova.cz\/en\/wp-json\/wp\/v2\/pages\/31604","targetHints":{"allow":["GET"]}}],"collection":[{"href":"https:\/\/www.martinaocadlikova.cz\/en\/wp-json\/wp\/v2\/pages"}],"about":[{"href":"https:\/\/www.martinaocadlikova.cz\/en\/wp-json\/wp\/v2\/types\/page"}],"author":[{"embeddable":true,"href":"https:\/\/www.martinaocadlikova.cz\/en\/wp-json\/wp\/v2\/users\/2"}],"replies":[{"embeddable":true,"href":"https:\/\/www.martinaocadlikova.cz\/en\/wp-json\/wp\/v2\/comments?post=31604"}],"version-history":[{"count":41,"href":"https:\/\/www.martinaocadlikova.cz\/en\/wp-json\/wp\/v2\/pages\/31604\/revisions"}],"predecessor-version":[{"id":32416,"href":"https:\/\/www.martinaocadlikova.cz\/en\/wp-json\/wp\/v2\/pages\/31604\/revisions\/32416"}],"wp:attachment":[{"href":"https:\/\/www.martinaocadlikova.cz\/en\/wp-json\/wp\/v2\/media?parent=31604"}],"curies":[{"name":"wp","href":"https:\/\/api.w.org\/{rel}","templated":true}]}}